{"id":14161,"date":"2024-06-04T11:24:54","date_gmt":"2024-06-04T11:24:54","guid":{"rendered":"https:\/\/www.felicitysolar.com\/scroll-image-reveal-with-a-business-introduction\/"},"modified":"2024-06-04T11:24:54","modified_gmt":"2024-06-04T11:24:54","slug":"scroll-image-reveal-with-a-business-introduction","status":"publish","type":"page","link":"https:\/\/na.felicitysolar.com\/fr\/scroll-image-reveal-with-a-business-introduction\/","title":{"rendered":"L'image d\u00e9filante est r\u00e9v\u00e9l\u00e9e avec une introduction commerciale"},"content":{"rendered":"<div data-elementor-type=\"wp-post\" data-elementor-id=\"14161\" class=\"elementor elementor-14161\" data-elementor-settings=\"{&quot;ha_cmc_init_switcher&quot;:&quot;no&quot;}\" data-elementor-post-type=\"page\">\n\t\t\t\t<div class=\"elementor-element elementor-element-80dba3b e-flex e-con-boxed e-con e-parent\" data-id=\"80dba3b\" data-element_type=\"container\" data-settings=\"{&quot;background_background&quot;:&quot;classic&quot;,&quot;background_motion_fx_motion_fx_mouse&quot;:&quot;yes&quot;,&quot;_ha_eqh_enable&quot;:false}\">\n\t\t\t\t\t<div class=\"e-con-inner\">\n\t\t<div class=\"elementor-element elementor-element-c07675d e-con-full e-flex e-con e-child\" data-id=\"c07675d\" data-element_type=\"container\" data-settings=\"{&quot;background_background&quot;:&quot;classic&quot;,&quot;_ha_eqh_enable&quot;:false}\">\n\t\t\t\t<div class=\"elementor-element elementor-element-a66e3c9 elementor-widget elementor-widget-heading\" data-id=\"a66e3c9\" data-element_type=\"widget\" data-widget_type=\"heading.default\">\n\t\t\t\t<div class=\"elementor-widget-container\">\n\t\t\t\t\t<h2 class=\"elementor-heading-title elementor-size-default\">O\u00f9 les r\u00eaves prennent forme<\/h2>\t\t\t\t<\/div>\n\t\t\t\t<\/div>\n\t\t\t\t<div class=\"elementor-element elementor-element-c6ce77c elementor-widget elementor-widget-heading\" data-id=\"c6ce77c\" data-element_type=\"widget\" data-widget_type=\"heading.default\">\n\t\t\t\t<div class=\"elementor-widget-container\">\n\t\t\t\t\t<p class=\"elementor-heading-title elementor-size-default\">Architecture pour un avenir dynamique<\/p>\t\t\t\t<\/div>\n\t\t\t\t<\/div>\n\t\t<div class=\"elementor-element elementor-element-5b4e8c1 e-con-full e-flex e-con e-child\" data-id=\"5b4e8c1\" data-element_type=\"container\" data-settings=\"{&quot;_ha_eqh_enable&quot;:false}\">\n\t\t<div class=\"elementor-element elementor-element-8d0396d e-con-full e-flex e-con e-child\" data-id=\"8d0396d\" data-element_type=\"container\" data-settings=\"{&quot;_ha_eqh_enable&quot;:false}\">\n\t\t\t\t<div class=\"elementor-element elementor-element-948adb5 elementor-widget__width-initial elementor-widget elementor-widget-ucaddon_image_reveal_on_scroll\" data-id=\"948adb5\" data-element_type=\"widget\" data-settings=\"{&quot;motion_fx_motion_fx_scrolling&quot;:&quot;yes&quot;,&quot;motion_fx_translateX_effect&quot;:&quot;yes&quot;,&quot;motion_fx_translateX_direction&quot;:&quot;negative&quot;,&quot;motion_fx_translateX_speed&quot;:{&quot;unit&quot;:&quot;px&quot;,&quot;size&quot;:1.5,&quot;sizes&quot;:[]},&quot;motion_fx_devices&quot;:[&quot;desktop&quot;,&quot;tablet&quot;],&quot;motion_fx_translateX_affectedRange&quot;:{&quot;unit&quot;:&quot;%&quot;,&quot;size&quot;:&quot;&quot;,&quot;sizes&quot;:{&quot;start&quot;:0,&quot;end&quot;:100}}}\" data-widget_type=\"ucaddon_image_reveal_on_scroll.default\">\n\t\t\t\t<div class=\"elementor-widget-container\">\n\t\t\t\t\t\n<!-- start Scroll Image Reveal -->\n\t\t<link id='uc_ac_assets_file_uc_image_reveal_css_545-css' href='https:\/\/na.felicitysolar.com\/wp-content\/uploads\/ac_assets\/image_reveal_on_scroll\/uc_image_reveal.css' type='text\/css' rel='stylesheet' >\n\n<style>\/* widget: Scroll Image Reveal *\/\n\n    #uc_image_reveal_on_scroll_elementor_948adb5 .uc_overlay{\n      left: 0;\n\t} \n\t\n\n\n\n\n#uc_image_reveal_on_scroll_elementor_948adb5 .uc_reveal{\n\ttransition: ease-in-out all 2s;\n    transition-delay: 250ms;\n}\n\n#uc_image_reveal_on_scroll_elementor_948adb5 img\n{\n  display:block;\n}\n\n<\/style>\n\n<div class=\"uc_image_reveal\" id=\"uc_image_reveal_on_scroll_elementor_948adb5\">\n\t<div class=\"uc_image_reveal_box\">\n      \t          \n\t\t<img decoding=\"async\" src=\"\" class=\"ue-img\" alt=\"\" width=\"100%\">\n          \n              \n\t\t<div class=\"uc_overlay iv-jello\"><\/div>\n        \n\t<\/div>\n<\/div>\n<!-- end Scroll Image Reveal -->\t\t\t\t<\/div>\n\t\t\t\t<\/div>\n\t\t\t\t<\/div>\n\t\t<div class=\"elementor-element elementor-element-f3fa7be e-con-full e-flex e-con e-child\" data-id=\"f3fa7be\" data-element_type=\"container\" data-settings=\"{&quot;_ha_eqh_enable&quot;:false}\">\n\t\t\t\t<div class=\"elementor-element elementor-element-4c9b0c2 elementor-widget elementor-widget-ucaddon_uc_scroll_reveal_text\" data-id=\"4c9b0c2\" data-element_type=\"widget\" data-widget_type=\"ucaddon_uc_scroll_reveal_text.default\">\n\t\t\t\t<div class=\"elementor-widget-container\">\n\t\t\t\t\t\n<!-- start Scroll Text Reveal -->\n\t\t<link id='uc_ac_assets_file_aos_css_26053-css' href='https:\/\/na.felicitysolar.com\/wp-content\/uploads\/ac_assets\/uc_scroll_reveal_text\/aos.css' type='text\/css' rel='stylesheet' >\n\t\t<link id='uc_ac_assets_file_uc_scroll_reveal_text_css_3698-css' href='https:\/\/na.felicitysolar.com\/wp-content\/uploads\/ac_assets\/uc_scroll_reveal_text\/uc_scroll_reveal_text.css' type='text\/css' rel='stylesheet' >\n\n<style>\/* widget: Scroll Text Reveal *\/\n\n#uc_uc_scroll_reveal_text_elementor_4c9b0c2.uc_scroll_reveal_text {\n    text-align: left;\n}\n#uc_uc_scroll_reveal_text_elementor_4c9b0c2 .uc_reveal_holder .uc_reveal-block {\n    background: #ffffff;\n}\n#uc_uc_scroll_reveal_text_elementor_4c9b0c2 .uc_reveal_holder .uc_reveal-block::before{\n  \tbackground: #3600FF;\n}\n\n<\/style>\n\n<section class=\"uc_scroll_reveal_text\" id=\"uc_uc_scroll_reveal_text_elementor_4c9b0c2\">\n    <div class=\"uc_reveal_holder\" data-aos=\"reveal-item\" >\n        <div class=\"uc_reveal-block right\" data-aos=\"reveal-right\" data-aos-delay=\"300\"\n                          data-aos-once=\"false\">\n          \t \t\n        <\/div>\n        <div class=\"ue_scroll_reveal_text_inside\"><span  class=\"uc_style_uc_scroll_reveal_text_elementor_title\" style=\"color:#FFFFFF;\">Concevoir des r\u00eaves<\/span><\/div>\n    <\/div>\n<\/section>\n<!-- end Scroll Text Reveal -->\t\t\t\t<\/div>\n\t\t\t\t<\/div>\n\t\t\t\t<div class=\"elementor-element elementor-element-4b696e1 elementor-widget elementor-widget-text-editor\" data-id=\"4b696e1\" data-element_type=\"widget\" data-widget_type=\"text-editor.default\">\n\t\t\t\t<div class=\"elementor-widget-container\">\n\t\t\t\t\t\t\t\t\t<p>Dans notre bureau d'architecture, nous pensons que chaque espace a le potentiel d'inspirer et d'influencer ceux qui l'habitent.<\/p>\t\t\t\t\t\t\t\t<\/div>\n\t\t\t\t<\/div>\n\t\t\t\t<\/div>\n\t\t\t\t<\/div>\n\t\t<div class=\"elementor-element elementor-element-51a420a e-con-full e-flex e-con e-child\" data-id=\"51a420a\" data-element_type=\"container\" data-settings=\"{&quot;_ha_eqh_enable&quot;:false}\">\n\t\t<div class=\"elementor-element elementor-element-738752d e-con-full e-flex e-con e-child\" data-id=\"738752d\" data-element_type=\"container\" data-settings=\"{&quot;_ha_eqh_enable&quot;:false}\">\n\t\t\t\t<div class=\"elementor-element elementor-element-de92eb8 elementor-widget__width-initial elementor-widget elementor-widget-ucaddon_image_reveal_on_scroll\" data-id=\"de92eb8\" data-element_type=\"widget\" data-settings=\"{&quot;motion_fx_motion_fx_scrolling&quot;:&quot;yes&quot;,&quot;motion_fx_translateX_effect&quot;:&quot;yes&quot;,&quot;motion_fx_translateX_speed&quot;:{&quot;unit&quot;:&quot;px&quot;,&quot;size&quot;:1.5,&quot;sizes&quot;:[]},&quot;motion_fx_devices&quot;:[&quot;desktop&quot;,&quot;tablet&quot;],&quot;motion_fx_translateX_affectedRange&quot;:{&quot;unit&quot;:&quot;%&quot;,&quot;size&quot;:&quot;&quot;,&quot;sizes&quot;:{&quot;start&quot;:0,&quot;end&quot;:100}}}\" data-widget_type=\"ucaddon_image_reveal_on_scroll.default\">\n\t\t\t\t<div class=\"elementor-widget-container\">\n\t\t\t\t\t\n<!-- start Scroll Image Reveal -->\n\n<style>\/* widget: Scroll Image Reveal *\/\n\n    #uc_image_reveal_on_scroll_elementor_de92eb8 .uc_overlay{\n      left: 0;\n\t} \n\t\n\n\n\n\n#uc_image_reveal_on_scroll_elementor_de92eb8 .uc_reveal{\n\ttransition: ease-in-out all 2s;\n    transition-delay: 250ms;\n}\n\n#uc_image_reveal_on_scroll_elementor_de92eb8 img\n{\n  display:block;\n}\n\n<\/style>\n\n<div class=\"uc_image_reveal\" id=\"uc_image_reveal_on_scroll_elementor_de92eb8\">\n\t<div class=\"uc_image_reveal_box\">\n      \t          \n\t\t<img decoding=\"async\" src=\"\" class=\"ue-img\" alt=\"\" width=\"100%\">\n          \n              \n\t\t<div class=\"uc_overlay iv-jello\"><\/div>\n        \n\t<\/div>\n<\/div>\n<!-- end Scroll Image Reveal -->\t\t\t\t<\/div>\n\t\t\t\t<\/div>\n\t\t\t\t<\/div>\n\t\t<div class=\"elementor-element elementor-element-9d357ef e-con-full e-flex e-con e-child\" data-id=\"9d357ef\" data-element_type=\"container\" data-settings=\"{&quot;_ha_eqh_enable&quot;:false}\">\n\t\t\t\t<div class=\"elementor-element elementor-element-3a5cf83 elementor-widget elementor-widget-ucaddon_uc_scroll_reveal_text\" data-id=\"3a5cf83\" data-element_type=\"widget\" data-widget_type=\"ucaddon_uc_scroll_reveal_text.default\">\n\t\t\t\t<div class=\"elementor-widget-container\">\n\t\t\t\t\t\n<!-- start Scroll Text Reveal -->\n\n<style>\/* widget: Scroll Text Reveal *\/\n\n#uc_uc_scroll_reveal_text_elementor_3a5cf83.uc_scroll_reveal_text {\n    text-align: left;\n}\n#uc_uc_scroll_reveal_text_elementor_3a5cf83 .uc_reveal_holder .uc_reveal-block {\n    background: #ffffff;\n}\n#uc_uc_scroll_reveal_text_elementor_3a5cf83 .uc_reveal_holder .uc_reveal-block::before{\n  \tbackground: #3600FF;\n}\n\n<\/style>\n\n<section class=\"uc_scroll_reveal_text\" id=\"uc_uc_scroll_reveal_text_elementor_3a5cf83\">\n    <div class=\"uc_reveal_holder\" data-aos=\"reveal-item\" >\n        <div class=\"uc_reveal-block left\" data-aos=\"reveal-left\" data-aos-delay=\"300\"\n                          data-aos-once=\"false\">\n          \t \t\n        <\/div>\n        <div class=\"ue_scroll_reveal_text_inside\"><span  class=\"uc_style_uc_scroll_reveal_text_elementor_title\" style=\"color:#FFFFFF;\">Construire au-del\u00e0 des fronti\u00e8res<\/span><\/div>\n    <\/div>\n<\/section>\n<!-- end Scroll Text Reveal -->\t\t\t\t<\/div>\n\t\t\t\t<\/div>\n\t\t\t\t<div class=\"elementor-element elementor-element-36644b4 elementor-widget elementor-widget-text-editor\" data-id=\"36644b4\" data-element_type=\"widget\" data-widget_type=\"text-editor.default\">\n\t\t\t\t<div class=\"elementor-widget-container\">\n\t\t\t\t\t\t\t\t\tL'innovation et la cr\u00e9ativit\u00e9 sont au c\u0153ur de ce que nous faisons. Notre \u00e9quipe d'architectes, de designers et de chefs de projet talentueux se consacre \u00e0 repousser les limites de ce qui est possible dans le monde de l'architecture\t\t\t\t\t\t\t\t<\/div>\n\t\t\t\t<\/div>\n\t\t\t\t<\/div>\n\t\t\t\t<\/div>\n\t\t<div class=\"elementor-element elementor-element-c438f19 e-con-full e-flex e-con e-child\" data-id=\"c438f19\" data-element_type=\"container\" data-settings=\"{&quot;_ha_eqh_enable&quot;:false}\">\n\t\t<div class=\"elementor-element elementor-element-0d0899f e-con-full e-flex e-con e-child\" data-id=\"0d0899f\" data-element_type=\"container\" data-settings=\"{&quot;_ha_eqh_enable&quot;:false}\">\n\t\t\t\t<div class=\"elementor-element elementor-element-ef40dd4 elementor-widget__width-initial elementor-widget elementor-widget-ucaddon_image_reveal_on_scroll\" data-id=\"ef40dd4\" data-element_type=\"widget\" data-settings=\"{&quot;motion_fx_motion_fx_scrolling&quot;:&quot;yes&quot;,&quot;motion_fx_translateX_effect&quot;:&quot;yes&quot;,&quot;motion_fx_translateX_direction&quot;:&quot;negative&quot;,&quot;motion_fx_translateX_speed&quot;:{&quot;unit&quot;:&quot;px&quot;,&quot;size&quot;:1.5,&quot;sizes&quot;:[]},&quot;motion_fx_devices&quot;:[&quot;desktop&quot;,&quot;tablet&quot;],&quot;motion_fx_translateX_affectedRange&quot;:{&quot;unit&quot;:&quot;%&quot;,&quot;size&quot;:&quot;&quot;,&quot;sizes&quot;:{&quot;start&quot;:0,&quot;end&quot;:100}}}\" data-widget_type=\"ucaddon_image_reveal_on_scroll.default\">\n\t\t\t\t<div class=\"elementor-widget-container\">\n\t\t\t\t\t\n<!-- start Scroll Image Reveal -->\n\n<style>\/* widget: Scroll Image Reveal *\/\n\n    #uc_image_reveal_on_scroll_elementor_ef40dd4 .uc_overlay{\n      left: 0;\n\t} \n\t\n\n\n\n\n#uc_image_reveal_on_scroll_elementor_ef40dd4 .uc_reveal{\n\ttransition: ease-in-out all 2s;\n    transition-delay: 250ms;\n}\n\n#uc_image_reveal_on_scroll_elementor_ef40dd4 img\n{\n  display:block;\n}\n\n<\/style>\n\n<div class=\"uc_image_reveal\" id=\"uc_image_reveal_on_scroll_elementor_ef40dd4\">\n\t<div class=\"uc_image_reveal_box\">\n      \t          \n\t\t<img decoding=\"async\" src=\"\" class=\"ue-img\" alt=\"\" width=\"100%\">\n          \n              \n\t\t<div class=\"uc_overlay iv-jello\"><\/div>\n        \n\t<\/div>\n<\/div>\n<!-- end Scroll Image Reveal -->\t\t\t\t<\/div>\n\t\t\t\t<\/div>\n\t\t\t\t<\/div>\n\t\t<div class=\"elementor-element elementor-element-9bd4ef4 e-con-full e-flex e-con e-child\" data-id=\"9bd4ef4\" data-element_type=\"container\" data-settings=\"{&quot;_ha_eqh_enable&quot;:false}\">\n\t\t\t\t<div class=\"elementor-element elementor-element-311009d elementor-widget elementor-widget-ucaddon_uc_scroll_reveal_text\" data-id=\"311009d\" data-element_type=\"widget\" data-widget_type=\"ucaddon_uc_scroll_reveal_text.default\">\n\t\t\t\t<div class=\"elementor-widget-container\">\n\t\t\t\t\t\n<!-- start Scroll Text Reveal -->\n\n<style>\/* widget: Scroll Text Reveal *\/\n\n#uc_uc_scroll_reveal_text_elementor_311009d.uc_scroll_reveal_text {\n    text-align: left;\n}\n#uc_uc_scroll_reveal_text_elementor_311009d .uc_reveal_holder .uc_reveal-block {\n    background: #ffffff;\n}\n#uc_uc_scroll_reveal_text_elementor_311009d .uc_reveal_holder .uc_reveal-block::before{\n  \tbackground: #3600FF;\n}\n\n<\/style>\n\n<section class=\"uc_scroll_reveal_text\" id=\"uc_uc_scroll_reveal_text_elementor_311009d\">\n    <div class=\"uc_reveal_holder\" data-aos=\"reveal-item\" >\n        <div class=\"uc_reveal-block right\" data-aos=\"reveal-right\" data-aos-delay=\"300\"\n                          data-aos-once=\"false\">\n          \t \t\n        <\/div>\n        <div class=\"ue_scroll_reveal_text_inside\"><span  class=\"uc_style_uc_scroll_reveal_text_elementor_title\" style=\"color:#FFFFFF;\">Fa\u00e7onner l\u2019avenir<\/span><\/div>\n    <\/div>\n<\/section>\n<!-- end Scroll Text Reveal -->\t\t\t\t<\/div>\n\t\t\t\t<\/div>\n\t\t\t\t<div class=\"elementor-element elementor-element-edcc008 elementor-widget elementor-widget-text-editor\" data-id=\"edcc008\" data-element_type=\"widget\" data-widget_type=\"text-editor.default\">\n\t\t\t\t<div class=\"elementor-widget-container\">\n\t\t\t\t\t\t\t\t\t<p>Concevoir pour l'avenir ne se limite pas \u00e0 cr\u00e9er de beaux b\u00e2timents : il s'agit de fa\u00e7onner les villes et les communaut\u00e9s dans lesquelles nous vivons.<\/p>\t\t\t\t\t\t\t\t<\/div>\n\t\t\t\t<\/div>\n\t\t\t\t<\/div>\n\t\t\t\t<\/div>\n\t\t\t\t<\/div>\n\t\t\t\t\t<\/div>\n\t\t\t\t<\/div>\n\t\t\t\t<\/div>","protected":false},"excerpt":{"rendered":"<p>L\u00e0 o\u00f9 les r\u00eaves prennent forme L'architecture pour un avenir dynamique Concevoir des r\u00eaves Dans notre bureau d'architecture, nous pensons que chaque espace a le potentiel d'inspirer et d'influencer ceux qui l'habitent. Construire au-del\u00e0 des limites L'innovation et la cr\u00e9ativit\u00e9 sont au c\u0153ur de ce que nous faisons. Notre \u00e9quipe d'architectes, [\u2026]<\/p>","protected":false},"author":1,"featured_media":0,"parent":0,"menu_order":0,"comment_status":"closed","ping_status":"closed","template":"","meta":{"site-sidebar-layout":"default","site-content-layout":"","ast-site-content-layout":"","site-content-style":"default","site-sidebar-style":"default","ast-global-header-display":"","ast-banner-title-visibility":"","ast-main-header-display":"","ast-hfb-above-header-display":"","ast-hfb-below-header-display":"","ast-hfb-mobile-header-display":"","site-post-title":"","ast-breadcrumbs-content":"","ast-featured-img":"","footer-sml-layout":"","theme-transparent-header-meta":"","adv-header-id-meta":"","stick-header-meta":"","header-above-stick-meta":"","header-main-stick-meta":"","header-below-stick-meta":"","astra-migrate-meta-layouts":"default","ast-page-background-enabled":"default","ast-page-background-meta":{"desktop":{"background-color":"","background-image":"","background-repeat":"repeat","background-position":"center center","background-size":"auto","background-attachment":"scroll","background-type":"","background-media":"","overlay-type":"","overlay-color":"","overlay-opacity":"","overlay-gradient":""},"tablet":{"background-color":"","background-image":"","background-repeat":"repeat","background-position":"center center","background-size":"auto","background-attachment":"scroll","background-type":"","background-media":"","overlay-type":"","overlay-color":"","overlay-opacity":"","overlay-gradient":""},"mobile":{"background-color":"","background-image":"","background-repeat":"repeat","background-position":"center center","background-size":"auto","background-attachment":"scroll","background-type":"","background-media":"","overlay-type":"","overlay-color":"","overlay-opacity":"","overlay-gradient":""}},"ast-content-background-meta":{"desktop":{"background-color":"var(--ast-global-color-5)","background-image":"","background-repeat":"repeat","background-position":"center center","background-size":"auto","background-attachment":"scroll","background-type":"","background-media":"","overlay-type":"","overlay-color":"","overlay-opacity":"","overlay-gradient":""},"tablet":{"background-color":"var(--ast-global-color-5)","background-image":"","background-repeat":"repeat","background-position":"center center","background-size":"auto","background-attachment":"scroll","background-type":"","background-media":"","overlay-type":"","overlay-color":"","overlay-opacity":"","overlay-gradient":""},"mobile":{"background-color":"var(--ast-global-color-5)","background-image":"","background-repeat":"repeat","background-position":"center center","background-size":"auto","background-attachment":"scroll","background-type":"","background-media":"","overlay-type":"","overlay-color":"","overlay-opacity":"","overlay-gradient":""}},"footnotes":""},"class_list":["post-14161","page","type-page","status-publish","hentry"],"acf":[],"_links":{"self":[{"href":"https:\/\/na.felicitysolar.com\/fr\/wp-json\/wp\/v2\/pages\/14161","targetHints":{"allow":["GET"]}}],"collection":[{"href":"https:\/\/na.felicitysolar.com\/fr\/wp-json\/wp\/v2\/pages"}],"about":[{"href":"https:\/\/na.felicitysolar.com\/fr\/wp-json\/wp\/v2\/types\/page"}],"author":[{"embeddable":true,"href":"https:\/\/na.felicitysolar.com\/fr\/wp-json\/wp\/v2\/users\/1"}],"replies":[{"embeddable":true,"href":"https:\/\/na.felicitysolar.com\/fr\/wp-json\/wp\/v2\/comments?post=14161"}],"version-history":[{"count":1,"href":"https:\/\/na.felicitysolar.com\/fr\/wp-json\/wp\/v2\/pages\/14161\/revisions"}],"predecessor-version":[{"id":14165,"href":"https:\/\/na.felicitysolar.com\/fr\/wp-json\/wp\/v2\/pages\/14161\/revisions\/14165"}],"wp:attachment":[{"href":"https:\/\/na.felicitysolar.com\/fr\/wp-json\/wp\/v2\/media?parent=14161"}],"curies":[{"name":"wp","href":"https:\/\/api.w.org\/{rel}","templated":true}]}}