{"id":1450,"date":"2025-03-07T03:09:17","date_gmt":"2025-03-07T03:09:17","guid":{"rendered":"https:\/\/www.felicitysolar.com\/?page_id=1450"},"modified":"2025-09-18T07:30:38","modified_gmt":"2025-09-17T23:30:38","slug":"solutions","status":"publish","type":"page","link":"https:\/\/na.felicitysolar.com\/fr\/solutions\/","title":{"rendered":"Solutions"},"content":{"rendered":"<div data-elementor-type=\"wp-page\" data-elementor-id=\"1450\" class=\"elementor elementor-1450\" data-elementor-settings=\"{&quot;ha_cmc_init_switcher&quot;:&quot;no&quot;}\" data-elementor-post-type=\"page\">\n\t\t\t\t\t\t<section class=\"elementor-section elementor-top-section elementor-element elementor-element-f9fc80c elementor-section-full_width elementor-section-content-middle elementor-section-height-default elementor-section-height-default\" data-id=\"f9fc80c\" data-element_type=\"section\" data-settings=\"{&quot;background_background&quot;:&quot;slideshow&quot;,&quot;background_slideshow_gallery&quot;:[{&quot;id&quot;:14006,&quot;url&quot;:&quot;https:\\\/\\\/www.felicitysolar.com\\\/wp-content\\\/uploads\\\/2025\\\/03\\\/Spring-Canton-Fair-2024.jpg.png&quot;},{&quot;id&quot;:14008,&quot;url&quot;:&quot;https:\\\/\\\/www.felicitysolar.com\\\/wp-content\\\/uploads\\\/2025\\\/03\\\/XVi-International-Trade-Fair-Ukraine-2024.jpg.png&quot;}],&quot;background_slideshow_slide_duration&quot;:3000,&quot;background_slideshow_ken_burns&quot;:&quot;yes&quot;,&quot;background_slideshow_loop&quot;:&quot;yes&quot;,&quot;background_slideshow_slide_transition&quot;:&quot;fade&quot;,&quot;background_slideshow_transition_duration&quot;:500,&quot;background_slideshow_ken_burns_zoom_direction&quot;:&quot;in&quot;,&quot;_ha_eqh_enable&quot;:false}\">\n\t\t\t\t\t\t<div class=\"elementor-container elementor-column-gap-no\">\n\t\t\t\t\t<div class=\"elementor-column elementor-col-100 elementor-top-column elementor-element elementor-element-d1bef4d elementor-hidden-tablet elementor-hidden-phone\" data-id=\"d1bef4d\" data-element_type=\"column\">\n\t\t\t<div class=\"elementor-widget-wrap\">\n\t\t\t\t\t\t\t<\/div>\n\t\t<\/div>\n\t\t\t\t\t<\/div>\n\t\t<\/section>\n\t\t<div class=\"elementor-element elementor-element-a019b99 e-flex e-con-boxed e-con e-parent\" data-id=\"a019b99\" data-element_type=\"container\" data-settings=\"{&quot;background_background&quot;:&quot;classic&quot;,&quot;_ha_eqh_enable&quot;:false}\">\n\t\t\t\t\t<div class=\"e-con-inner\">\n\t\t\t\t<div class=\"elementor-element elementor-element-1726cd4 elementor-widget elementor-widget-ucaddon_custom_cursor\" data-id=\"1726cd4\" data-element_type=\"widget\" data-widget_type=\"ucaddon_custom_cursor.default\">\n\t\t\t\t<div class=\"elementor-widget-container\">\n\t\t\t\t\t\n<!-- start Custom Cursor -->\n\t\t<link id='font-awesome-css' href='https:\/\/na.felicitysolar.com\/wp-content\/plugins\/unlimited-elements-for-elementor-premium\/assets_libraries\/font-awesome6\/fontawesome-all.min.css' type='text\/css' rel='stylesheet' >\n\t\t<link id='font-awesome-4-shim-css' href='https:\/\/na.felicitysolar.com\/wp-content\/plugins\/unlimited-elements-for-elementor-premium\/assets_libraries\/font-awesome6\/fontawesome-v4-shims.min.css' type='text\/css' rel='stylesheet' >\n\n<style>\/* widget: Custom Cursor *\/\n\n#uc_custom_cursor_elementor_1726cd4{\n  min-height: 1px;\n}\n\n#uc_custom_cursor_elementor_1726cd4 .ue-message{\n  padding: 10px;\n  border: 1px solid grey;\n  background-color: lightgrey;\n  border-radius: 5px;\n  font-size: 12px;\n}\n\n\/* should be written without #uc_custom_cursor_elementor_1726cd4 *\/\n.uc-mscursor-hidden{\n  display:none !important;\n}\n\n\/* cursor 2: custom cursor *\/\n  #uc_custom_cursor_elementor_1726cd4 .ue_cursor {\n    pointer-events: none;\n    opacity:1;\n    transition: all 300ms ease;\n  }\n\n  #uc_custom_cursor_elementor_1726cd4 .ue_cursor.cursor-inactive {\n    opacity:0;\n  }\n\n  #uc_custom_cursor_elementor_1726cd4 .cursor__ball {\n    display:flex;\n    position: fixed;\n    top: 0;\n    left: 0;\n    z-index: 1000;\n    pointer-events:none;\n    transform: matrix(1, 0, 0, 1, -100, -100);\n  }\n\n  #uc_custom_cursor_elementor_1726cd4 .cursor__ball--small{\n    display:flex;\n    align-items:center;\n    justify-content:center;\n  }\n\n  #uc_custom_cursor_elementor_1726cd4 .cursor__ball--small-inner{\n    display:flex;\n    align-items:center;\n    justify-content:center;\n  }\n\n  \n  \n      #uc_custom_cursor_elementor_1726cd4 .cursor__ball--big{\n           }\n  \n  \n\n\/* attention grabber  *\/\n\/* end attention grabber *\/\n\/* end cursor 2: custom cursor *\/\n\n<\/style>\n\n<div id=\"uc_custom_cursor_elementor_1726cd4\" class=\"ue_cursor-wrap\" data-cursor=\"cursor-2\">\n  \n    \n  \n      <div class=\"ue_cursor ue_cursor-item ue_cursor-item--2\">\n      <div class=\"cursor__ball cursor__ball--big\"><\/div>      <div class=\"cursor__ball cursor__ball--small\">\n        <div class=\"cursor__ball--small-inner ue-floating-chat-blink\">\n                                    \t<\/div>\n        <\/div>\n    <\/div>\n  <\/div>\n<!-- end Custom Cursor -->\t\t\t\t<\/div>\n\t\t\t\t<\/div>\n\t\t\t\t\t<\/div>\n\t\t\t\t<\/div>\n\t\t\t\t<section class=\"elementor-section elementor-top-section elementor-element elementor-element-2def4aa elementor-section-stretched elementor-section-boxed elementor-section-height-default elementor-section-height-default\" data-id=\"2def4aa\" data-element_type=\"section\" data-settings=\"{&quot;stretch_section&quot;:&quot;section-stretched&quot;,&quot;background_background&quot;:&quot;classic&quot;,&quot;_ha_eqh_enable&quot;:false}\">\n\t\t\t\t\t\t<div class=\"elementor-container elementor-column-gap-no\">\n\t\t\t\t\t<div class=\"elementor-column elementor-col-100 elementor-top-column elementor-element elementor-element-e57ab8c\" data-id=\"e57ab8c\" data-element_type=\"column\">\n\t\t\t<div class=\"elementor-widget-wrap elementor-element-populated\">\n\t\t\t\t\t\t<div class=\"elementor-element elementor-element-0773759 elementor-widget__width-auto elementor-absolute e-transform elementor-hidden-tablet elementor-hidden-mobile elementor-widget elementor-widget-heading\" data-id=\"0773759\" data-element_type=\"widget\" data-settings=\"{&quot;_position&quot;:&quot;absolute&quot;,&quot;_transform_rotateZ_effect&quot;:{&quot;unit&quot;:&quot;px&quot;,&quot;size&quot;:90,&quot;sizes&quot;:[]},&quot;_transform_rotateZ_effect_widescreen&quot;:{&quot;unit&quot;:&quot;deg&quot;,&quot;size&quot;:&quot;&quot;,&quot;sizes&quot;:[]},&quot;_transform_rotateZ_effect_tablet&quot;:{&quot;unit&quot;:&quot;deg&quot;,&quot;size&quot;:&quot;&quot;,&quot;sizes&quot;:[]},&quot;_transform_rotateZ_effect_mobile&quot;:{&quot;unit&quot;:&quot;deg&quot;,&quot;size&quot;:&quot;&quot;,&quot;sizes&quot;:[]}}\" data-widget_type=\"heading.default\">\n\t\t\t\t<div class=\"elementor-widget-container\">\n\t\t\t\t\t<h3 class=\"elementor-heading-title elementor-size-default\">Solution<\/h3>\t\t\t\t<\/div>\n\t\t\t\t<\/div>\n\t\t\t\t<section class=\"elementor-section elementor-inner-section elementor-element elementor-element-e29cc00 elementor-section-content-middle elementor-section-boxed elementor-section-height-default elementor-section-height-default\" data-id=\"e29cc00\" data-element_type=\"section\" data-settings=\"{&quot;_ha_eqh_enable&quot;:false}\">\n\t\t\t\t\t\t<div class=\"elementor-container elementor-column-gap-no\">\n\t\t\t\t\t<div class=\"elementor-column elementor-col-100 elementor-inner-column elementor-element elementor-element-911cd4e elementor-invisible\" data-id=\"911cd4e\" data-element_type=\"column\" data-settings=\"{&quot;animation&quot;:&quot;fadeInLeft&quot;}\">\n\t\t\t<div class=\"elementor-widget-wrap elementor-element-populated\">\n\t\t\t\t\t\t<div class=\"elementor-element elementor-element-de731b5 elementor-widget elementor-widget-heading\" data-id=\"de731b5\" data-element_type=\"widget\" data-widget_type=\"heading.default\">\n\t\t\t\t<div class=\"elementor-widget-container\">\n\t\t\t\t\t<h1 class=\"elementor-heading-title elementor-size-default\">Syst\u00e8me de stockage d'\u00e9nergie<\/h1>\t\t\t\t<\/div>\n\t\t\t\t<\/div>\n\t\t\t\t\t<\/div>\n\t\t<\/div>\n\t\t\t\t\t<\/div>\n\t\t<\/section>\n\t\t\t\t<section class=\"elementor-section elementor-inner-section elementor-element elementor-element-f881a70 elementor-section-content-middle elementor-section-boxed elementor-section-height-default elementor-section-height-default\" data-id=\"f881a70\" data-element_type=\"section\" data-settings=\"{&quot;_ha_eqh_enable&quot;:false}\">\n\t\t\t\t\t\t<div class=\"elementor-container elementor-column-gap-no\">\n\t\t\t\t\t<div class=\"elementor-column elementor-col-100 elementor-inner-column elementor-element elementor-element-ce61dca elementor-invisible\" data-id=\"ce61dca\" data-element_type=\"column\" data-settings=\"{&quot;animation&quot;:&quot;fadeInLeft&quot;}\">\n\t\t\t<div class=\"elementor-widget-wrap elementor-element-populated\">\n\t\t\t\t<div class=\"elementor-element elementor-element-59b4aae e-flex e-con-boxed e-con e-parent\" data-id=\"59b4aae\" data-element_type=\"container\" data-settings=\"{&quot;_ha_eqh_enable&quot;:false}\">\n\t\t\t\t\t<div class=\"e-con-inner\">\n\t\t\t\t<div class=\"elementor-element elementor-element-13bcb7b elementor-position-top ha-has-bg-overlay elementor-widget elementor-widget-image-box\" data-id=\"13bcb7b\" data-element_type=\"widget\" data-widget_type=\"image-box.default\">\n\t\t\t\t<div class=\"elementor-widget-container\">\n\t\t\t\t\t<div class=\"elementor-image-box-wrapper\"><figure class=\"elementor-image-box-img\"><a href=\"https:\/\/na.felicitysolar.com\/fr\/balcony-ess\/\" tabindex=\"-1\"><img fetchpriority=\"high\" decoding=\"async\" width=\"1920\" height=\"925\" src=\"https:\/\/na.felicitysolar.com\/wp-content\/uploads\/2025\/03\/Balcony-Energy-Storage-System-Solutions.jpg\" class=\"attachment-full size-full wp-image-15039\" alt=\"Balcony Energy Storage System Solutions\" srcset=\"https:\/\/na.felicitysolar.com\/wp-content\/uploads\/2025\/03\/Balcony-Energy-Storage-System-Solutions.jpg 1920w, https:\/\/na.felicitysolar.com\/wp-content\/uploads\/2025\/03\/Balcony-Energy-Storage-System-Solutions-300x145.jpg 300w, https:\/\/na.felicitysolar.com\/wp-content\/uploads\/2025\/03\/Balcony-Energy-Storage-System-Solutions-1024x493.jpg 1024w, https:\/\/na.felicitysolar.com\/wp-content\/uploads\/2025\/03\/Balcony-Energy-Storage-System-Solutions-768x370.jpg 768w, https:\/\/na.felicitysolar.com\/wp-content\/uploads\/2025\/03\/Balcony-Energy-Storage-System-Solutions-1536x740.jpg 1536w, https:\/\/na.felicitysolar.com\/wp-content\/uploads\/2025\/03\/Balcony-Energy-Storage-System-Solutions-600x289.jpg 600w\" sizes=\"(max-width: 1920px) 100vw, 1920px\" \/><\/a><\/figure><div class=\"elementor-image-box-content\"><h3 class=\"elementor-image-box-title\"><a href=\"https:\/\/na.felicitysolar.com\/fr\/balcony-ess\/\">Balcon ESS<\/a><\/h3><\/div><\/div>\t\t\t\t<\/div>\n\t\t\t\t<\/div>\n\t\t\t\t<div class=\"elementor-element elementor-element-adfced0 elementor-position-top ha-has-bg-overlay elementor-widget elementor-widget-image-box\" data-id=\"adfced0\" data-element_type=\"widget\" data-widget_type=\"image-box.default\">\n\t\t\t\t<div class=\"elementor-widget-container\">\n\t\t\t\t\t<div class=\"elementor-image-box-wrapper\"><figure class=\"elementor-image-box-img\"><a href=\"https:\/\/na.felicitysolar.com\/fr\/commercial-and-industrial-ess-solutions\/\" tabindex=\"-1\"><img decoding=\"async\" width=\"1920\" height=\"1037\" src=\"https:\/\/na.felicitysolar.com\/wp-content\/uploads\/2025\/03\/100KW232KWH-Liquid-Cooling-System.jpg\" class=\"attachment-full size-full wp-image-15042\" alt=\"100KW232KWH-Liquid-Cooling-System\" srcset=\"https:\/\/na.felicitysolar.com\/wp-content\/uploads\/2025\/03\/100KW232KWH-Liquid-Cooling-System.jpg 1920w, https:\/\/na.felicitysolar.com\/wp-content\/uploads\/2025\/03\/100KW232KWH-Liquid-Cooling-System-300x162.jpg 300w, https:\/\/na.felicitysolar.com\/wp-content\/uploads\/2025\/03\/100KW232KWH-Liquid-Cooling-System-1024x553.jpg 1024w, https:\/\/na.felicitysolar.com\/wp-content\/uploads\/2025\/03\/100KW232KWH-Liquid-Cooling-System-768x415.jpg 768w, https:\/\/na.felicitysolar.com\/wp-content\/uploads\/2025\/03\/100KW232KWH-Liquid-Cooling-System-1536x830.jpg 1536w, https:\/\/na.felicitysolar.com\/wp-content\/uploads\/2025\/03\/100KW232KWH-Liquid-Cooling-System-600x324.jpg 600w\" sizes=\"(max-width: 1920px) 100vw, 1920px\" \/><\/a><\/figure><div class=\"elementor-image-box-content\"><h3 class=\"elementor-image-box-title\"><a href=\"https:\/\/na.felicitysolar.com\/fr\/commercial-and-industrial-ess-solutions\/\">Solutions ESS commerciales et industrielles<\/a><\/h3><\/div><\/div>\t\t\t\t<\/div>\n\t\t\t\t<\/div>\n\t\t\t\t\t<\/div>\n\t\t\t\t<\/div>\n\t\t<div class=\"elementor-element elementor-element-c306641 e-flex e-con-boxed e-con e-parent\" data-id=\"c306641\" data-element_type=\"container\" data-settings=\"{&quot;_ha_eqh_enable&quot;:false}\">\n\t\t\t\t\t<div class=\"e-con-inner\">\n\t\t\t\t<div class=\"elementor-element elementor-element-d1692b1 elementor-widget__width-initial elementor-position-top ha-has-bg-overlay elementor-widget elementor-widget-image-box\" data-id=\"d1692b1\" data-element_type=\"widget\" data-widget_type=\"image-box.default\">\n\t\t\t\t<div class=\"elementor-widget-container\">\n\t\t\t\t\t<div class=\"elementor-image-box-wrapper\"><figure class=\"elementor-image-box-img\"><a href=\"https:\/\/na.felicitysolar.com\/fr\/commercial-storage-system\/\" tabindex=\"-1\"><img decoding=\"async\" width=\"1920\" height=\"1037\" src=\"https:\/\/na.felicitysolar.com\/wp-content\/uploads\/2025\/03\/Application-Scenario-1-Smart-Loads.jpg\" class=\"attachment-full size-full wp-image-15050\" alt=\"Application-Scenario-1--Smart-Loads\" srcset=\"https:\/\/na.felicitysolar.com\/wp-content\/uploads\/2025\/03\/Application-Scenario-1-Smart-Loads.jpg 1920w, https:\/\/na.felicitysolar.com\/wp-content\/uploads\/2025\/03\/Application-Scenario-1-Smart-Loads-300x162.jpg 300w, https:\/\/na.felicitysolar.com\/wp-content\/uploads\/2025\/03\/Application-Scenario-1-Smart-Loads-1024x553.jpg 1024w, https:\/\/na.felicitysolar.com\/wp-content\/uploads\/2025\/03\/Application-Scenario-1-Smart-Loads-768x415.jpg 768w, https:\/\/na.felicitysolar.com\/wp-content\/uploads\/2025\/03\/Application-Scenario-1-Smart-Loads-1536x830.jpg 1536w, https:\/\/na.felicitysolar.com\/wp-content\/uploads\/2025\/03\/Application-Scenario-1-Smart-Loads-600x324.jpg 600w\" sizes=\"(max-width: 1920px) 100vw, 1920px\" \/><\/a><\/figure><div class=\"elementor-image-box-content\"><h3 class=\"elementor-image-box-title\"><a href=\"https:\/\/na.felicitysolar.com\/fr\/commercial-storage-system\/\">Syst\u00e8me de stockage commercial<\/a><\/h3><\/div><\/div>\t\t\t\t<\/div>\n\t\t\t\t<\/div>\n\t\t\t\t<div class=\"elementor-element elementor-element-7c3d28d elementor-widget__width-initial elementor-position-top ha-has-bg-overlay elementor-widget elementor-widget-image-box\" data-id=\"7c3d28d\" data-element_type=\"widget\" data-widget_type=\"image-box.default\">\n\t\t\t\t<div class=\"elementor-widget-container\">\n\t\t\t\t\t<div class=\"elementor-image-box-wrapper\"><figure class=\"elementor-image-box-img\"><a href=\"https:\/\/na.felicitysolar.com\/fr\/residential-ess\/\" tabindex=\"-1\"><img loading=\"lazy\" decoding=\"async\" width=\"2560\" height=\"1521\" src=\"https:\/\/na.felicitysolar.com\/wp-content\/uploads\/2025\/03\/5kW-LV-Single-Phase-scaled.jpg\" class=\"attachment-full size-full wp-image-15055\" alt=\"5kW ,LV, Single Phase\" srcset=\"https:\/\/na.felicitysolar.com\/wp-content\/uploads\/2025\/03\/5kW-LV-Single-Phase-scaled.jpg 2560w, https:\/\/na.felicitysolar.com\/wp-content\/uploads\/2025\/03\/5kW-LV-Single-Phase-300x178.jpg 300w, https:\/\/na.felicitysolar.com\/wp-content\/uploads\/2025\/03\/5kW-LV-Single-Phase-1024x608.jpg 1024w, https:\/\/na.felicitysolar.com\/wp-content\/uploads\/2025\/03\/5kW-LV-Single-Phase-768x456.jpg 768w, https:\/\/na.felicitysolar.com\/wp-content\/uploads\/2025\/03\/5kW-LV-Single-Phase-1536x912.jpg 1536w, https:\/\/na.felicitysolar.com\/wp-content\/uploads\/2025\/03\/5kW-LV-Single-Phase-2048x1216.jpg 2048w, https:\/\/na.felicitysolar.com\/wp-content\/uploads\/2025\/03\/5kW-LV-Single-Phase-600x356.jpg 600w\" sizes=\"(max-width: 2560px) 100vw, 2560px\" \/><\/a><\/figure><div class=\"elementor-image-box-content\"><h3 class=\"elementor-image-box-title\"><a href=\"https:\/\/na.felicitysolar.com\/fr\/residential-ess\/\">ESS r\u00e9sidentiel<\/a><\/h3><\/div><\/div>\t\t\t\t<\/div>\n\t\t\t\t<\/div>\n\t\t\t\t\t<\/div>\n\t\t\t\t<\/div>\n\t\t\t\t\t<\/div>\n\t\t<\/div>\n\t\t\t\t\t<\/div>\n\t\t<\/section>\n\t\t\t\t\t<\/div>\n\t\t<\/div>\n\t\t\t\t\t<\/div>\n\t\t<\/section>\n\t\t\t\t<\/div>","protected":false},"excerpt":{"rendered":"<p>Widget Curseur personnalis\u00e9 ajout\u00e9 \u00e0 la page. Ce message s'affiche uniquement dans l'\u00c9diteur. Solution Syst\u00e8me de stockage d'\u00e9nergie Balcon ESS Solutions ESS commerciales et industrielles Syst\u00e8me de stockage commercial ESS r\u00e9sidentiel<\/p>","protected":false},"author":1,"featured_media":0,"parent":0,"menu_order":0,"comment_status":"closed","ping_status":"closed","template":"elementor_header_footer","meta":{"site-sidebar-layout":"no-sidebar","site-content-layout":"page-builder","ast-site-content-layout":"full-width-container","site-content-style":"default","site-sidebar-style":"default","ast-global-header-display":"","ast-banner-title-visibility":"","ast-main-header-display":"","ast-hfb-above-header-display":"","ast-hfb-below-header-display":"","ast-hfb-mobile-header-display":"","site-post-title":"disabled","ast-breadcrumbs-content":"","ast-featured-img":"disabled","footer-sml-layout":"","theme-transparent-header-meta":"default","adv-header-id-meta":"","stick-header-meta":"default","header-above-stick-meta":"","header-main-stick-meta":"","header-below-stick-meta":"","astra-migrate-meta-layouts":"set","ast-page-background-enabled":"default","ast-page-background-meta":{"desktop":{"background-color":"","background-image":"","background-repeat":"repeat","background-position":"center center","background-size":"auto","background-attachment":"scroll","background-type":"","background-media":"","overlay-type":"","overlay-color":"","overlay-opacity":"","overlay-gradient":""},"tablet":{"background-color":"","background-image":"","background-repeat":"repeat","background-position":"center center","background-size":"auto","background-attachment":"scroll","background-type":"","background-media":"","overlay-type":"","overlay-color":"","overlay-opacity":"","overlay-gradient":""},"mobile":{"background-color":"","background-image":"","background-repeat":"repeat","background-position":"center center","background-size":"auto","background-attachment":"scroll","background-type":"","background-media":"","overlay-type":"","overlay-color":"","overlay-opacity":"","overlay-gradient":""}},"ast-content-background-meta":{"desktop":{"background-color":"var(--ast-global-color-5)","background-image":"","background-repeat":"repeat","background-position":"center center","background-size":"auto","background-attachment":"scroll","background-type":"","background-media":"","overlay-type":"","overlay-color":"","overlay-opacity":"","overlay-gradient":""},"tablet":{"background-color":"var(--ast-global-color-5)","background-image":"","background-repeat":"repeat","background-position":"center center","background-size":"auto","background-attachment":"scroll","background-type":"","background-media":"","overlay-type":"","overlay-color":"","overlay-opacity":"","overlay-gradient":""},"mobile":{"background-color":"var(--ast-global-color-5)","background-image":"","background-repeat":"repeat","background-position":"center center","background-size":"auto","background-attachment":"scroll","background-type":"","background-media":"","overlay-type":"","overlay-color":"","overlay-opacity":"","overlay-gradient":""}},"footnotes":""},"class_list":["post-1450","page","type-page","status-publish","hentry"],"acf":[],"_links":{"self":[{"href":"https:\/\/na.felicitysolar.com\/fr\/wp-json\/wp\/v2\/pages\/1450","targetHints":{"allow":["GET"]}}],"collection":[{"href":"https:\/\/na.felicitysolar.com\/fr\/wp-json\/wp\/v2\/pages"}],"about":[{"href":"https:\/\/na.felicitysolar.com\/fr\/wp-json\/wp\/v2\/types\/page"}],"author":[{"embeddable":true,"href":"https:\/\/na.felicitysolar.com\/fr\/wp-json\/wp\/v2\/users\/1"}],"replies":[{"embeddable":true,"href":"https:\/\/na.felicitysolar.com\/fr\/wp-json\/wp\/v2\/comments?post=1450"}],"version-history":[{"count":40,"href":"https:\/\/na.felicitysolar.com\/fr\/wp-json\/wp\/v2\/pages\/1450\/revisions"}],"predecessor-version":[{"id":20377,"href":"https:\/\/na.felicitysolar.com\/fr\/wp-json\/wp\/v2\/pages\/1450\/revisions\/20377"}],"wp:attachment":[{"href":"https:\/\/na.felicitysolar.com\/fr\/wp-json\/wp\/v2\/media?parent=1450"}],"curies":[{"name":"wp","href":"https:\/\/api.w.org\/{rel}","templated":true}]}}