{"id":15966,"date":"2025-04-09T09:38:43","date_gmt":"2025-04-09T09:38:43","guid":{"rendered":"https:\/\/www.felicitysolar.com\/?page_id=15966"},"modified":"2025-09-18T07:40:51","modified_gmt":"2025-09-17T23:40:51","slug":"balcony-ess","status":"publish","type":"page","link":"https:\/\/na.felicitysolar.com\/fr\/balcony-ess\/","title":{"rendered":"Balcon Ess"},"content":{"rendered":"<div data-elementor-type=\"wp-page\" data-elementor-id=\"15966\" class=\"elementor elementor-15966\" data-elementor-settings=\"{&quot;ha_cmc_init_switcher&quot;:&quot;no&quot;}\" data-elementor-post-type=\"page\">\n\t\t\t\t<div class=\"elementor-element elementor-element-bb82a5a e-flex e-con-boxed e-con e-parent\" data-id=\"bb82a5a\" data-element_type=\"container\" data-settings=\"{&quot;background_background&quot;:&quot;classic&quot;,&quot;_ha_eqh_enable&quot;:false}\">\n\t\t\t\t\t<div class=\"e-con-inner\">\n\t\t\t\t<div class=\"elementor-element elementor-element-4fbbea9 elementor-widget elementor-widget-woocommerce-breadcrumb\" data-id=\"4fbbea9\" data-element_type=\"widget\" data-widget_type=\"woocommerce-breadcrumb.default\">\n\t\t\t\t<div class=\"elementor-widget-container\">\n\t\t\t\t\t<nav class=\"woocommerce-breadcrumb\" aria-label=\"Breadcrumb\" data-no-translation=\"\" data-trp-gettext=\"\">Accueil<\/nav>\t\t\t\t<\/div>\n\t\t\t\t<\/div>\n\t\t\t\t\t<\/div>\n\t\t\t\t<\/div>\n\t\t<div class=\"elementor-element elementor-element-fcb26ed e-flex e-con-boxed e-con e-parent\" data-id=\"fcb26ed\" data-element_type=\"container\" data-settings=\"{&quot;background_background&quot;:&quot;classic&quot;,&quot;_ha_eqh_enable&quot;:false}\">\n\t\t\t\t\t<div class=\"e-con-inner\">\n\t\t\t\t<div class=\"elementor-element elementor-element-2afd180 elementor-widget elementor-widget-heading\" data-id=\"2afd180\" data-element_type=\"widget\" data-widget_type=\"heading.default\">\n\t\t\t\t<div class=\"elementor-widget-container\">\n\t\t\t\t\t<h3 class=\"elementor-heading-title elementor-size-default\">Solutions de syst\u00e8mes de stockage d'\u00e9nergie pour balcons<\/h3>\t\t\t\t<\/div>\n\t\t\t\t<\/div>\n\t\t\t\t<div class=\"elementor-element elementor-element-a1ed874 elementor-widget elementor-widget-heading\" data-id=\"a1ed874\" data-element_type=\"widget\" data-widget_type=\"heading.default\">\n\t\t\t\t<div class=\"elementor-widget-container\">\n\t\t\t\t\t<h3 class=\"elementor-heading-title elementor-size-default\">Syst\u00e8me de balcon de 2,56 kWh<\/h3>\t\t\t\t<\/div>\n\t\t\t\t<\/div>\n\t\t\t\t<div class=\"elementor-element elementor-element-6d2d63e elementor-widget elementor-widget-text-editor\" data-id=\"6d2d63e\" data-element_type=\"widget\" data-widget_type=\"text-editor.default\">\n\t\t\t\t<div class=\"elementor-widget-container\">\n\t\t\t\t\t\t\t\t\t<p>Balcon 2,56 kWh Pour ceux qui ont besoin de plus de capacit\u00e9 de stockage, cette solution combine la puissance du micro-onduleur de 800 W avec une batterie lithium de 2,56 kWh. Il est parfait pour une plus grande autonomie \u00e9nerg\u00e9tique et pour alimenter plusieurs appareils simultan\u00e9ment. Ce syst\u00e8me est \u00e9galement optimis\u00e9 pour une installation sur des balcons, garantissant une int\u00e9gration transparente aux besoins \u00e9nerg\u00e9tiques de votre maison et favorisant un mode de vie plus \u00e9cologique. Syst\u00e8me<\/p>\t\t\t\t\t\t\t\t<\/div>\n\t\t\t\t<\/div>\n\t\t\t\t<div class=\"elementor-element elementor-element-6e03e02 elementor-widget elementor-widget-image\" data-id=\"6e03e02\" data-element_type=\"widget\" data-widget_type=\"image.default\">\n\t\t\t\t<div class=\"elementor-widget-container\">\n\t\t\t\t\t\t\t\t\t\t\t\t\t\t\t<img fetchpriority=\"high\" decoding=\"async\" width=\"1920\" height=\"925\" src=\"https:\/\/na.felicitysolar.com\/wp-content\/uploads\/2025\/03\/Balcony-Energy-Storage-System-Solutions.jpg\" class=\"attachment-full size-full wp-image-15039\" alt=\"Balcony Energy Storage System Solutions\" srcset=\"https:\/\/na.felicitysolar.com\/wp-content\/uploads\/2025\/03\/Balcony-Energy-Storage-System-Solutions.jpg 1920w, https:\/\/na.felicitysolar.com\/wp-content\/uploads\/2025\/03\/Balcony-Energy-Storage-System-Solutions-300x145.jpg 300w, https:\/\/na.felicitysolar.com\/wp-content\/uploads\/2025\/03\/Balcony-Energy-Storage-System-Solutions-1024x493.jpg 1024w, https:\/\/na.felicitysolar.com\/wp-content\/uploads\/2025\/03\/Balcony-Energy-Storage-System-Solutions-768x370.jpg 768w, https:\/\/na.felicitysolar.com\/wp-content\/uploads\/2025\/03\/Balcony-Energy-Storage-System-Solutions-1536x740.jpg 1536w, https:\/\/na.felicitysolar.com\/wp-content\/uploads\/2025\/03\/Balcony-Energy-Storage-System-Solutions-600x289.jpg 600w\" sizes=\"(max-width: 1920px) 100vw, 1920px\" \/>\t\t\t\t\t\t\t\t\t\t\t\t\t\t\t<\/div>\n\t\t\t\t<\/div>\n\t\t\t\t\t<\/div>\n\t\t\t\t<\/div>\n\t\t<div class=\"elementor-element elementor-element-b5fef9f e-flex e-con-boxed e-con e-parent\" data-id=\"b5fef9f\" data-element_type=\"container\" data-settings=\"{&quot;background_background&quot;:&quot;classic&quot;,&quot;_ha_eqh_enable&quot;:false}\">\n\t\t\t\t\t<div class=\"e-con-inner\">\n\t\t\t\t<div class=\"elementor-element elementor-element-447cf9a elementor-widget elementor-widget-heading\" data-id=\"447cf9a\" data-element_type=\"widget\" data-widget_type=\"heading.default\">\n\t\t\t\t<div class=\"elementor-widget-container\">\n\t\t\t\t\t<h2 class=\"elementor-heading-title elementor-size-default\">Caract\u00e9ristiques<\/h2>\t\t\t\t<\/div>\n\t\t\t\t<\/div>\n\t\t\t\t\t<\/div>\n\t\t\t\t<\/div>\n\t\t\t\t<section class=\"elementor-section elementor-top-section elementor-element elementor-element-6fd7d6b2 elementor-section-boxed elementor-section-height-default elementor-section-height-default\" data-id=\"6fd7d6b2\" data-element_type=\"section\" data-settings=\"{&quot;background_background&quot;:&quot;classic&quot;,&quot;_ha_eqh_enable&quot;:false}\">\n\t\t\t\t\t\t\t<div class=\"elementor-background-overlay\"><\/div>\n\t\t\t\t\t\t\t<div class=\"elementor-container elementor-column-gap-no\">\n\t\t\t\t\t<div class=\"elementor-column elementor-col-100 elementor-top-column elementor-element elementor-element-40ebe8aa\" data-id=\"40ebe8aa\" data-element_type=\"column\">\n\t\t\t<div class=\"elementor-widget-wrap elementor-element-populated\">\n\t\t\t\t\t\t<section class=\"elementor-section elementor-inner-section elementor-element elementor-element-7a48c984 elementor-section-full_width elementor-section-height-default elementor-section-height-default elementor-invisible\" data-id=\"7a48c984\" data-element_type=\"section\" data-settings=\"{&quot;background_background&quot;:&quot;classic&quot;,&quot;animation&quot;:&quot;fadeInUp&quot;,&quot;_ha_eqh_enable&quot;:false}\">\n\t\t\t\t\t\t<div class=\"elementor-container elementor-column-gap-wide\">\n\t\t\t\t\t<div class=\"elementor-column elementor-col-33 elementor-inner-column elementor-element elementor-element-52e38463\" data-id=\"52e38463\" data-element_type=\"column\">\n\t\t\t<div class=\"elementor-widget-wrap elementor-element-populated\">\n\t\t\t\t\t\t<div class=\"elementor-element elementor-element-5f475d7f eael-infobox-content-align--center ha-has-bg-overlay elementor-widget elementor-widget-eael-info-box\" data-id=\"5f475d7f\" data-element_type=\"widget\" data-widget_type=\"eael-info-box.default\">\n\t\t\t\t<div class=\"elementor-widget-container\">\n\t\t\t\t\t        <div class=\"eael-infobox\">\n\t            <div class=\"infobox-content\">\n                    <div class=\"infobox-title-section\">\n                <h2 class=\"title\">Efficacit\u00e9 de l'espace<\/h2>            <\/div>\n                    <\/div>\n            <\/div>\n\n\t\t\t\t\t\t<\/div>\n\t\t\t\t<\/div>\n\t\t\t\t\t<\/div>\n\t\t<\/div>\n\t\t\t\t<div class=\"elementor-column elementor-col-33 elementor-inner-column elementor-element elementor-element-2dacff73\" data-id=\"2dacff73\" data-element_type=\"column\">\n\t\t\t<div class=\"elementor-widget-wrap elementor-element-populated\">\n\t\t\t\t\t\t<div class=\"elementor-element elementor-element-8b948f3 eael-infobox-content-align--center ha-has-bg-overlay elementor-widget elementor-widget-eael-info-box\" data-id=\"8b948f3\" data-element_type=\"widget\" data-widget_type=\"eael-info-box.default\">\n\t\t\t\t<div class=\"elementor-widget-container\">\n\t\t\t\t\t        <div class=\"eael-infobox\">\n\t            <div class=\"infobox-content\">\n                    <div class=\"infobox-title-section\">\n                <h2 class=\"title\">Installation facile<\/h2>            <\/div>\n                    <\/div>\n            <\/div>\n\n\t\t\t\t\t\t<\/div>\n\t\t\t\t<\/div>\n\t\t\t\t\t<\/div>\n\t\t<\/div>\n\t\t\t\t<div class=\"elementor-column elementor-col-33 elementor-inner-column elementor-element elementor-element-3052ba3f\" data-id=\"3052ba3f\" data-element_type=\"column\">\n\t\t\t<div class=\"elementor-widget-wrap elementor-element-populated\">\n\t\t\t\t\t\t<div class=\"elementor-element elementor-element-3996da2 eael-infobox-content-align--center ha-has-bg-overlay elementor-widget elementor-widget-eael-info-box\" data-id=\"3996da2\" data-element_type=\"widget\" data-widget_type=\"eael-info-box.default\">\n\t\t\t\t<div class=\"elementor-widget-container\">\n\t\t\t\t\t        <div class=\"eael-infobox\">\n\t            <div class=\"infobox-content\">\n                    <div class=\"infobox-title-section\">\n                <h2 class=\"title\">Int\u00e9gration des \u00e9nergies renouvelables<\/h2>            <\/div>\n                    <\/div>\n            <\/div>\n\n\t\t\t\t\t\t<\/div>\n\t\t\t\t<\/div>\n\t\t\t\t\t<\/div>\n\t\t<\/div>\n\t\t\t\t\t<\/div>\n\t\t<\/section>\n\t\t\t\t<section class=\"elementor-section elementor-inner-section elementor-element elementor-element-328a47a elementor-section-full_width elementor-section-height-default elementor-section-height-default elementor-invisible\" data-id=\"328a47a\" data-element_type=\"section\" data-settings=\"{&quot;background_background&quot;:&quot;classic&quot;,&quot;animation&quot;:&quot;fadeInUp&quot;,&quot;_ha_eqh_enable&quot;:false}\">\n\t\t\t\t\t\t<div class=\"elementor-container elementor-column-gap-wide\">\n\t\t\t\t\t<div class=\"elementor-column elementor-col-25 elementor-inner-column elementor-element elementor-element-21fa128\" data-id=\"21fa128\" data-element_type=\"column\">\n\t\t\t<div class=\"elementor-widget-wrap elementor-element-populated\">\n\t\t\t\t\t\t<div class=\"elementor-element elementor-element-20cba53 eael-infobox-content-align--center ha-has-bg-overlay elementor-widget elementor-widget-eael-info-box\" data-id=\"20cba53\" data-element_type=\"widget\" data-widget_type=\"eael-info-box.default\">\n\t\t\t\t<div class=\"elementor-widget-container\">\n\t\t\t\t\t        <div class=\"eael-infobox\">\n\t            <div class=\"infobox-content\">\n                    <div class=\"infobox-title-section\">\n                <h3 class=\"title\">\u00c9volutif<\/h3>            <\/div>\n                    <\/div>\n            <\/div>\n\n\t\t\t\t\t\t<\/div>\n\t\t\t\t<\/div>\n\t\t\t\t\t<\/div>\n\t\t<\/div>\n\t\t\t\t<div class=\"elementor-column elementor-col-25 elementor-inner-column elementor-element elementor-element-1aa86bc\" data-id=\"1aa86bc\" data-element_type=\"column\">\n\t\t\t<div class=\"elementor-widget-wrap elementor-element-populated\">\n\t\t\t\t\t\t<div class=\"elementor-element elementor-element-2efcc53 eael-infobox-content-align--center ha-has-bg-overlay elementor-widget elementor-widget-eael-info-box\" data-id=\"2efcc53\" data-element_type=\"widget\" data-widget_type=\"eael-info-box.default\">\n\t\t\t\t<div class=\"elementor-widget-container\">\n\t\t\t\t\t        <div class=\"eael-infobox\">\n\t            <div class=\"infobox-content\">\n                    <div class=\"infobox-title-section\">\n                <h3 class=\"title\">Gestion intelligente<\/h3>            <\/div>\n                    <\/div>\n            <\/div>\n\n\t\t\t\t\t\t<\/div>\n\t\t\t\t<\/div>\n\t\t\t\t\t<\/div>\n\t\t<\/div>\n\t\t\t\t<div class=\"elementor-column elementor-col-25 elementor-inner-column elementor-element elementor-element-7b3e6e1\" data-id=\"7b3e6e1\" data-element_type=\"column\">\n\t\t\t<div class=\"elementor-widget-wrap elementor-element-populated\">\n\t\t\t\t\t\t<div class=\"elementor-element elementor-element-b52ec1d eael-infobox-content-align--center ha-has-bg-overlay elementor-widget elementor-widget-eael-info-box\" data-id=\"b52ec1d\" data-element_type=\"widget\" data-widget_type=\"eael-info-box.default\">\n\t\t\t\t<div class=\"elementor-widget-container\">\n\t\t\t\t\t        <div class=\"eael-infobox\">\n\t            <div class=\"infobox-content\">\n                    <div class=\"infobox-title-section\">\n                <h3 class=\"title\">Fonctionnalit\u00e9s de s\u00e9curit\u00e9<\/h3>            <\/div>\n                    <\/div>\n            <\/div>\n\n\t\t\t\t\t\t<\/div>\n\t\t\t\t<\/div>\n\t\t\t\t\t<\/div>\n\t\t<\/div>\n\t\t\t\t<div class=\"elementor-column elementor-col-25 elementor-inner-column elementor-element elementor-element-4037a4c\" data-id=\"4037a4c\" data-element_type=\"column\">\n\t\t\t<div class=\"elementor-widget-wrap elementor-element-populated\">\n\t\t\t\t\t\t<div class=\"elementor-element elementor-element-ddb6028 eael-infobox-content-align--center ha-has-bg-overlay elementor-widget elementor-widget-eael-info-box\" data-id=\"ddb6028\" data-element_type=\"widget\" data-widget_type=\"eael-info-box.default\">\n\t\t\t\t<div class=\"elementor-widget-container\">\n\t\t\t\t\t        <div class=\"eael-infobox\">\n\t            <div class=\"infobox-content\">\n                    <div class=\"infobox-title-section\">\n                <h3 class=\"title\">Diagramme de solutions<\/h3>            <\/div>\n                    <\/div>\n            <\/div>\n\n\t\t\t\t\t\t<\/div>\n\t\t\t\t<\/div>\n\t\t\t\t\t<\/div>\n\t\t<\/div>\n\t\t\t\t\t<\/div>\n\t\t<\/section>\n\t\t\t\t\t<\/div>\n\t\t<\/div>\n\t\t\t\t\t<\/div>\n\t\t<\/section>\n\t\t\t\t<\/div>","protected":false},"excerpt":{"rendered":"<p>Solutions de syst\u00e8me de stockage d'\u00e9nergie pour balcon Syst\u00e8me de balcon de 2,56 kWh Balcon de 2,56 kWh Pour ceux qui ont besoin de plus de capacit\u00e9 de stockage, cette solution combine la puissance du micro-onduleur de 800 W avec une batterie au lithium de 2,56 kWh. Il est parfait pour une plus grande autonomie \u00e9nerg\u00e9tique et pour alimenter plusieurs [\u2026]<\/p>","protected":false},"author":1,"featured_media":0,"parent":0,"menu_order":0,"comment_status":"closed","ping_status":"closed","template":"elementor_header_footer","meta":{"site-sidebar-layout":"no-sidebar","site-content-layout":"page-builder","ast-site-content-layout":"full-width-container","site-content-style":"default","site-sidebar-style":"default","ast-global-header-display":"","ast-banner-title-visibility":"","ast-main-header-display":"","ast-hfb-above-header-display":"","ast-hfb-below-header-display":"","ast-hfb-mobile-header-display":"","site-post-title":"disabled","ast-breadcrumbs-content":"","ast-featured-img":"disabled","footer-sml-layout":"","theme-transparent-header-meta":"default","adv-header-id-meta":"","stick-header-meta":"default","header-above-stick-meta":"","header-main-stick-meta":"","header-below-stick-meta":"","astra-migrate-meta-layouts":"set","ast-page-background-enabled":"default","ast-page-background-meta":{"desktop":{"background-color":"","background-image":"","background-repeat":"repeat","background-position":"center center","background-size":"auto","background-attachment":"scroll","background-type":"","background-media":"","overlay-type":"","overlay-color":"","overlay-opacity":"","overlay-gradient":""},"tablet":{"background-color":"","background-image":"","background-repeat":"repeat","background-position":"center center","background-size":"auto","background-attachment":"scroll","background-type":"","background-media":"","overlay-type":"","overlay-color":"","overlay-opacity":"","overlay-gradient":""},"mobile":{"background-color":"","background-image":"","background-repeat":"repeat","background-position":"center center","background-size":"auto","background-attachment":"scroll","background-type":"","background-media":"","overlay-type":"","overlay-color":"","overlay-opacity":"","overlay-gradient":""}},"ast-content-background-meta":{"desktop":{"background-color":"var(--ast-global-color-5)","background-image":"","background-repeat":"repeat","background-position":"center center","background-size":"auto","background-attachment":"scroll","background-type":"","background-media":"","overlay-type":"","overlay-color":"","overlay-opacity":"","overlay-gradient":""},"tablet":{"background-color":"var(--ast-global-color-5)","background-image":"","background-repeat":"repeat","background-position":"center center","background-size":"auto","background-attachment":"scroll","background-type":"","background-media":"","overlay-type":"","overlay-color":"","overlay-opacity":"","overlay-gradient":""},"mobile":{"background-color":"var(--ast-global-color-5)","background-image":"","background-repeat":"repeat","background-position":"center center","background-size":"auto","background-attachment":"scroll","background-type":"","background-media":"","overlay-type":"","overlay-color":"","overlay-opacity":"","overlay-gradient":""}},"footnotes":""},"class_list":["post-15966","page","type-page","status-publish","hentry"],"acf":[],"_links":{"self":[{"href":"https:\/\/na.felicitysolar.com\/fr\/wp-json\/wp\/v2\/pages\/15966","targetHints":{"allow":["GET"]}}],"collection":[{"href":"https:\/\/na.felicitysolar.com\/fr\/wp-json\/wp\/v2\/pages"}],"about":[{"href":"https:\/\/na.felicitysolar.com\/fr\/wp-json\/wp\/v2\/types\/page"}],"author":[{"embeddable":true,"href":"https:\/\/na.felicitysolar.com\/fr\/wp-json\/wp\/v2\/users\/1"}],"replies":[{"embeddable":true,"href":"https:\/\/na.felicitysolar.com\/fr\/wp-json\/wp\/v2\/comments?post=15966"}],"version-history":[{"count":31,"href":"https:\/\/na.felicitysolar.com\/fr\/wp-json\/wp\/v2\/pages\/15966\/revisions"}],"predecessor-version":[{"id":20384,"href":"https:\/\/na.felicitysolar.com\/fr\/wp-json\/wp\/v2\/pages\/15966\/revisions\/20384"}],"wp:attachment":[{"href":"https:\/\/na.felicitysolar.com\/fr\/wp-json\/wp\/v2\/media?parent=15966"}],"curies":[{"name":"wp","href":"https:\/\/api.w.org\/{rel}","templated":true}]}}