{"id":16087,"date":"2025-04-10T02:58:24","date_gmt":"2025-04-10T02:58:24","guid":{"rendered":"https:\/\/www.felicitysolar.com\/?page_id=16087"},"modified":"2025-09-18T07:45:20","modified_gmt":"2025-09-17T23:45:20","slug":"residential-ess","status":"publish","type":"page","link":"https:\/\/na.felicitysolar.com\/fr\/residential-ess\/","title":{"rendered":"ESS r\u00e9sidentiel"},"content":{"rendered":"<div data-elementor-type=\"wp-page\" data-elementor-id=\"16087\" class=\"elementor elementor-16087\" data-elementor-settings=\"{&quot;ha_cmc_init_switcher&quot;:&quot;no&quot;}\" data-elementor-post-type=\"page\">\n\t\t\t\t<div class=\"elementor-element elementor-element-86c4953 e-flex e-con-boxed e-con e-parent\" data-id=\"86c4953\" data-element_type=\"container\" data-settings=\"{&quot;background_background&quot;:&quot;classic&quot;,&quot;_ha_eqh_enable&quot;:false}\">\n\t\t\t\t\t<div class=\"e-con-inner\">\n\t\t\t\t<div class=\"elementor-element elementor-element-ac8750d elementor-widget elementor-widget-woocommerce-breadcrumb\" data-id=\"ac8750d\" data-element_type=\"widget\" data-widget_type=\"woocommerce-breadcrumb.default\">\n\t\t\t\t<div class=\"elementor-widget-container\">\n\t\t\t\t\t<nav class=\"woocommerce-breadcrumb\" aria-label=\"Breadcrumb\" data-no-translation=\"\" data-trp-gettext=\"\">Accueil<\/nav>\t\t\t\t<\/div>\n\t\t\t\t<\/div>\n\t\t\t\t\t<\/div>\n\t\t\t\t<\/div>\n\t\t<div class=\"elementor-element elementor-element-f44a6ae e-flex e-con-boxed e-con e-parent\" data-id=\"f44a6ae\" data-element_type=\"container\" data-settings=\"{&quot;background_background&quot;:&quot;classic&quot;,&quot;_ha_eqh_enable&quot;:false}\">\n\t\t\t\t\t<div class=\"e-con-inner\">\n\t\t\t\t<div class=\"elementor-element elementor-element-b6a860d elementor-widget elementor-widget-heading\" data-id=\"b6a860d\" data-element_type=\"widget\" data-widget_type=\"heading.default\">\n\t\t\t\t<div class=\"elementor-widget-container\">\n\t\t\t\t\t<h3 class=\"elementor-heading-title elementor-size-default\">Diagramme de solution syst\u00e8me<\/h3>\t\t\t\t<\/div>\n\t\t\t\t<\/div>\n\t\t\t\t<div class=\"elementor-element elementor-element-2130c6a elementor-widget elementor-widget-text-editor\" data-id=\"2130c6a\" data-element_type=\"widget\" data-widget_type=\"text-editor.default\">\n\t\t\t\t<div class=\"elementor-widget-container\">\n\t\t\t\t\t\t\t\t\t<ul><li>Installation et maintenance rentables<\/li><li>Efficacit\u00e9 \u00e9nerg\u00e9tique<\/li><li>Conception et compatibilit\u00e9 du syst\u00e8me simplifi\u00e9es<\/li><li>Id\u00e9al pour un usage r\u00e9sidentiel ou commercial \u00e0 petite \u00e9chelle.<\/li><\/ul>\t\t\t\t\t\t\t\t<\/div>\n\t\t\t\t<\/div>\n\t\t\t\t\t<\/div>\n\t\t\t\t<\/div>\n\t\t<div class=\"elementor-element elementor-element-bcfeb14 e-flex e-con-boxed e-con e-parent\" data-id=\"bcfeb14\" data-element_type=\"container\" data-settings=\"{&quot;background_background&quot;:&quot;classic&quot;,&quot;_ha_eqh_enable&quot;:false}\">\n\t\t\t\t\t<div class=\"e-con-inner\">\n\t\t\t\t<div class=\"elementor-element elementor-element-fe546e5 elementor-widget elementor-widget-heading\" data-id=\"fe546e5\" data-element_type=\"widget\" data-widget_type=\"heading.default\">\n\t\t\t\t<div class=\"elementor-widget-container\">\n\t\t\t\t\t<h3 class=\"elementor-heading-title elementor-size-default\">5 kW, basse tension, monophas\u00e9<\/h3>\t\t\t\t<\/div>\n\t\t\t\t<\/div>\n\t\t\t\t<div class=\"elementor-element elementor-element-ff7e717 elementor-widget elementor-widget-text-editor\" data-id=\"ff7e717\" data-element_type=\"widget\" data-widget_type=\"text-editor.default\">\n\t\t\t\t<div class=\"elementor-widget-container\">\n\t\t\t\t\t\t\t\t\t<p>Cette solution fournit un syst\u00e8me de stockage d'\u00e9nergie fiable et efficace pour les configurations r\u00e9sidentielles monophas\u00e9es. Avec l'onduleur hybride de puissance 5 kW et basse tension (BT) de la s\u00e9rie IVGM, il est con\u00e7u pour garantir une alimentation \u00e9lectrique stable pour un usage domestique quotidien avec des batteries au lithium de 5 kW. Cette solution est parfaite pour les m\u00e9nages qui cherchent \u00e0 accro\u00eetre leur ind\u00e9pendance \u00e9nerg\u00e9tique et \u00e0 r\u00e9duire consid\u00e9rablement leurs co\u00fbts d\u2019\u00e9lectricit\u00e9.<\/p>\t\t\t\t\t\t\t\t<\/div>\n\t\t\t\t<\/div>\n\t\t\t\t<div class=\"elementor-element elementor-element-ca26f19 elementor-widget elementor-widget-heading\" data-id=\"ca26f19\" data-element_type=\"widget\" data-widget_type=\"heading.default\">\n\t\t\t\t<div class=\"elementor-widget-container\">\n\t\t\t\t\t<h3 class=\"elementor-heading-title elementor-size-default\">Diagramme de solution syst\u00e8me<\/h3>\t\t\t\t<\/div>\n\t\t\t\t<\/div>\n\t\t<div class=\"elementor-element elementor-element-f6e0f98 e-con-full e-flex e-con e-child\" data-id=\"f6e0f98\" data-element_type=\"container\" data-settings=\"{&quot;background_background&quot;:&quot;classic&quot;,&quot;_ha_eqh_enable&quot;:false}\">\n\t\t\t\t<div class=\"elementor-element elementor-element-6345783 elementor-widget elementor-widget-image\" data-id=\"6345783\" data-element_type=\"widget\" data-widget_type=\"image.default\">\n\t\t\t\t<div class=\"elementor-widget-container\">\n\t\t\t\t\t\t\t\t\t\t\t\t\t\t\t<img fetchpriority=\"high\" decoding=\"async\" width=\"1024\" height=\"608\" src=\"https:\/\/na.felicitysolar.com\/wp-content\/uploads\/2025\/03\/5kW-LV-Single-Phase-1024x608.jpg\" class=\"attachment-large size-large wp-image-15055\" alt=\"5kW ,LV, Single Phase\" srcset=\"https:\/\/na.felicitysolar.com\/wp-content\/uploads\/2025\/03\/5kW-LV-Single-Phase-1024x608.jpg 1024w, https:\/\/na.felicitysolar.com\/wp-content\/uploads\/2025\/03\/5kW-LV-Single-Phase-300x178.jpg 300w, https:\/\/na.felicitysolar.com\/wp-content\/uploads\/2025\/03\/5kW-LV-Single-Phase-768x456.jpg 768w, https:\/\/na.felicitysolar.com\/wp-content\/uploads\/2025\/03\/5kW-LV-Single-Phase-1536x912.jpg 1536w, https:\/\/na.felicitysolar.com\/wp-content\/uploads\/2025\/03\/5kW-LV-Single-Phase-2048x1216.jpg 2048w, https:\/\/na.felicitysolar.com\/wp-content\/uploads\/2025\/03\/5kW-LV-Single-Phase-600x356.jpg 600w\" sizes=\"(max-width: 1024px) 100vw, 1024px\" \/>\t\t\t\t\t\t\t\t\t\t\t\t\t\t\t<\/div>\n\t\t\t\t<\/div>\n\t\t\t\t<\/div>\n\t\t\t\t\t<\/div>\n\t\t\t\t<\/div>\n\t\t<div class=\"elementor-element elementor-element-30c5838 e-flex e-con-boxed e-con e-parent\" data-id=\"30c5838\" data-element_type=\"container\" data-settings=\"{&quot;background_background&quot;:&quot;classic&quot;,&quot;_ha_eqh_enable&quot;:false}\">\n\t\t\t\t\t<div class=\"e-con-inner\">\n\t\t\t\t<div class=\"elementor-element elementor-element-0c2ed49 elementor-widget elementor-widget-heading\" data-id=\"0c2ed49\" data-element_type=\"widget\" data-widget_type=\"heading.default\">\n\t\t\t\t<div class=\"elementor-widget-container\">\n\t\t\t\t\t<h3 class=\"elementor-heading-title elementor-size-default\">5 kW, basse tension, monophas\u00e9 10 kW, basse tension, triphas\u00e9<\/h3>\t\t\t\t<\/div>\n\t\t\t\t<\/div>\n\t\t\t\t<div class=\"elementor-element elementor-element-7d96d28 elementor-widget elementor-widget-text-editor\" data-id=\"7d96d28\" data-element_type=\"widget\" data-widget_type=\"text-editor.default\">\n\t\t\t\t<div class=\"elementor-widget-container\">\n\t\t\t\t\t\t\t\t\t<p>Pour les grandes maisons ayant des besoins en alimentation triphas\u00e9e, cette solution offre une puissance de 10 kW provenant de l'onduleur hybride de la s\u00e9rie IVGM \u00e0 basse tension (BT). Ce syst\u00e8me est id\u00e9al pour les familles n\u00e9cessitant un stockage d'\u00e9nergie fiable et de grande capacit\u00e9, avec des batteries au lithium de 10 kW pour alimenter sans probl\u00e8me plusieurs appareils et appareils \u00e0 forte intensit\u00e9 \u00e9nerg\u00e9tique. Ce syst\u00e8me garantit une parfaite gestion de l\u2019\u00e9nergie et de plus grandes \u00e9conomies d\u2019\u00e9nergie.<\/p>\t\t\t\t\t\t\t\t<\/div>\n\t\t\t\t<\/div>\n\t\t\t\t<div class=\"elementor-element elementor-element-328e4a8 elementor-widget elementor-widget-heading\" data-id=\"328e4a8\" data-element_type=\"widget\" data-widget_type=\"heading.default\">\n\t\t\t\t<div class=\"elementor-widget-container\">\n\t\t\t\t\t<h3 class=\"elementor-heading-title elementor-size-default\">Diagramme de solution syst\u00e8me<\/h3>\t\t\t\t<\/div>\n\t\t\t\t<\/div>\n\t\t<div class=\"elementor-element elementor-element-738a787 e-con-full e-flex e-con e-child\" data-id=\"738a787\" data-element_type=\"container\" data-settings=\"{&quot;background_background&quot;:&quot;classic&quot;,&quot;_ha_eqh_enable&quot;:false}\">\n\t\t\t\t<div class=\"elementor-element elementor-element-1126b6a elementor-widget elementor-widget-image\" data-id=\"1126b6a\" data-element_type=\"widget\" data-widget_type=\"image.default\">\n\t\t\t\t<div class=\"elementor-widget-container\">\n\t\t\t\t\t\t\t\t\t\t\t\t\t\t\t<img decoding=\"async\" width=\"1024\" height=\"784\" src=\"https:\/\/na.felicitysolar.com\/wp-content\/uploads\/2025\/03\/10kW-LV-Three-Phase-1024x784.jpg\" class=\"attachment-large size-large wp-image-15054\" alt=\"10kW, LV, Three Phase\" srcset=\"https:\/\/na.felicitysolar.com\/wp-content\/uploads\/2025\/03\/10kW-LV-Three-Phase-1024x784.jpg 1024w, https:\/\/na.felicitysolar.com\/wp-content\/uploads\/2025\/03\/10kW-LV-Three-Phase-300x230.jpg 300w, https:\/\/na.felicitysolar.com\/wp-content\/uploads\/2025\/03\/10kW-LV-Three-Phase-768x588.jpg 768w, https:\/\/na.felicitysolar.com\/wp-content\/uploads\/2025\/03\/10kW-LV-Three-Phase-1536x1177.jpg 1536w, https:\/\/na.felicitysolar.com\/wp-content\/uploads\/2025\/03\/10kW-LV-Three-Phase-2048x1569.jpg 2048w, https:\/\/na.felicitysolar.com\/wp-content\/uploads\/2025\/03\/10kW-LV-Three-Phase-600x460.jpg 600w\" sizes=\"(max-width: 1024px) 100vw, 1024px\" \/>\t\t\t\t\t\t\t\t\t\t\t\t\t\t\t<\/div>\n\t\t\t\t<\/div>\n\t\t\t\t<\/div>\n\t\t\t\t\t<\/div>\n\t\t\t\t<\/div>\n\t\t<div class=\"elementor-element elementor-element-1697724 e-flex e-con-boxed e-con e-parent\" data-id=\"1697724\" data-element_type=\"container\" data-settings=\"{&quot;background_background&quot;:&quot;classic&quot;,&quot;_ha_eqh_enable&quot;:false}\">\n\t\t\t\t\t<div class=\"e-con-inner\">\n\t\t\t\t<div class=\"elementor-element elementor-element-e9ad3e8 elementor-widget elementor-widget-heading\" data-id=\"e9ad3e8\" data-element_type=\"widget\" data-widget_type=\"heading.default\">\n\t\t\t\t<div class=\"elementor-widget-container\">\n\t\t\t\t\t<h3 class=\"elementor-heading-title elementor-size-default\">10 kW, haute tension, triphas\u00e9<\/h3>\t\t\t\t<\/div>\n\t\t\t\t<\/div>\n\t\t\t\t<div class=\"elementor-element elementor-element-d6d9ea5 elementor-widget elementor-widget-text-editor\" data-id=\"d6d9ea5\" data-element_type=\"widget\" data-widget_type=\"text-editor.default\">\n\t\t\t\t<div class=\"elementor-widget-container\">\n\t\t\t\t\t\t\t\t\t<p>Cette solution haute tension (HT) offre une puissance de 10 kW provenant de l'onduleur hybride de la s\u00e9rie IVGM pour les applications r\u00e9sidentielles triphas\u00e9es. Il est con\u00e7u pour les foyers recherchant une efficacit\u00e9 \u00e9nerg\u00e9tique maximale et une plus grande capacit\u00e9 de stockage avec des batteries au lithium de 10 kW. Id\u00e9al pour les maisons intelligentes modernes, ce syst\u00e8me garantit une alimentation \u00e9lectrique ininterrompue, une utilisation optimis\u00e9e de l\u2019\u00e9nergie et des \u00e9conomies significatives \u00e0 long terme.<\/p>\t\t\t\t\t\t\t\t<\/div>\n\t\t\t\t<\/div>\n\t\t\t\t<div class=\"elementor-element elementor-element-1239685 elementor-widget elementor-widget-heading\" data-id=\"1239685\" data-element_type=\"widget\" data-widget_type=\"heading.default\">\n\t\t\t\t<div class=\"elementor-widget-container\">\n\t\t\t\t\t<h3 class=\"elementor-heading-title elementor-size-default\">Diagramme de solution syst\u00e8me<\/h3>\t\t\t\t<\/div>\n\t\t\t\t<\/div>\n\t\t<div class=\"elementor-element elementor-element-d659a82 e-con-full e-flex e-con e-child\" data-id=\"d659a82\" data-element_type=\"container\" data-settings=\"{&quot;background_background&quot;:&quot;classic&quot;,&quot;_ha_eqh_enable&quot;:false}\">\n\t\t\t\t<div class=\"elementor-element elementor-element-901d62a elementor-widget elementor-widget-image\" data-id=\"901d62a\" data-element_type=\"widget\" data-widget_type=\"image.default\">\n\t\t\t\t<div class=\"elementor-widget-container\">\n\t\t\t\t\t\t\t\t\t\t\t\t\t\t\t<img decoding=\"async\" width=\"1024\" height=\"876\" src=\"https:\/\/na.felicitysolar.com\/wp-content\/uploads\/2025\/03\/10kW-HV-Three-Phase-1024x876.jpg\" class=\"attachment-large size-large wp-image-15053\" alt=\"10kW, HV, Three Phase\" srcset=\"https:\/\/na.felicitysolar.com\/wp-content\/uploads\/2025\/03\/10kW-HV-Three-Phase-1024x876.jpg 1024w, https:\/\/na.felicitysolar.com\/wp-content\/uploads\/2025\/03\/10kW-HV-Three-Phase-300x257.jpg 300w, https:\/\/na.felicitysolar.com\/wp-content\/uploads\/2025\/03\/10kW-HV-Three-Phase-768x657.jpg 768w, https:\/\/na.felicitysolar.com\/wp-content\/uploads\/2025\/03\/10kW-HV-Three-Phase-1536x1315.jpg 1536w, https:\/\/na.felicitysolar.com\/wp-content\/uploads\/2025\/03\/10kW-HV-Three-Phase-600x514.jpg 600w, https:\/\/na.felicitysolar.com\/wp-content\/uploads\/2025\/03\/10kW-HV-Three-Phase.jpg 1929w\" sizes=\"(max-width: 1024px) 100vw, 1024px\" \/>\t\t\t\t\t\t\t\t\t\t\t\t\t\t\t<\/div>\n\t\t\t\t<\/div>\n\t\t\t\t<\/div>\n\t\t\t\t\t<\/div>\n\t\t\t\t<\/div>\n\t\t<div class=\"elementor-element elementor-element-dbb234e e-flex e-con-boxed e-con e-parent\" data-id=\"dbb234e\" data-element_type=\"container\" data-settings=\"{&quot;background_background&quot;:&quot;classic&quot;,&quot;_ha_eqh_enable&quot;:false}\">\n\t\t\t\t\t<div class=\"e-con-inner\">\n\t\t\t\t<div class=\"elementor-element elementor-element-efcb251 elementor-widget elementor-widget-heading\" data-id=\"efcb251\" data-element_type=\"widget\" data-widget_type=\"heading.default\">\n\t\t\t\t<div class=\"elementor-widget-container\">\n\t\t\t\t\t<h3 class=\"elementor-heading-title elementor-size-default\">Solutions de syst\u00e8mes de stockage d'\u00e9nergie r\u00e9sidentiels autonomes<\/h3>\t\t\t\t<\/div>\n\t\t\t\t<\/div>\n\t\t\t\t<div class=\"elementor-element elementor-element-ec24f2a elementor-widget elementor-widget-heading\" data-id=\"ec24f2a\" data-element_type=\"widget\" data-widget_type=\"heading.default\">\n\t\t\t\t<div class=\"elementor-widget-container\">\n\t\t\t\t\t<h3 class=\"elementor-heading-title elementor-size-default\">8 kW, basse tension, monophas\u00e9<\/h3>\t\t\t\t<\/div>\n\t\t\t\t<\/div>\n\t\t\t\t<div class=\"elementor-element elementor-element-f62ef38 elementor-widget elementor-widget-text-editor\" data-id=\"f62ef38\" data-element_type=\"widget\" data-widget_type=\"text-editor.default\">\n\t\t\t\t<div class=\"elementor-widget-container\">\n\t\t\t\t\t\t\t\t\t<p>Cette solution est destin\u00e9e aux petites maisons et aux petits sc\u00e9narios sp\u00e9cifiques recherchant une exp\u00e9rience \u00e9lectrique ind\u00e9pendante. Il utilise un onduleur hors r\u00e9seau avec une puissance basse tension (BT) de 8 kW et est con\u00e7u pour r\u00e9pondre facilement aux besoins quotidiens en \u00e9lectricit\u00e9 gr\u00e2ce \u00e0 une batterie au lithium de 8 kW. Ce syst\u00e8me permet une allocation efficace de l'\u00e9nergie et, gr\u00e2ce \u00e0 sa conception compacte et flexible, vous offre une nouvelle option pour une utilisation pratique et \u00e9conome en \u00e9nergie de l'\u00e9lectricit\u00e9 hors r\u00e9seau.<\/p>\t\t\t\t\t\t\t\t<\/div>\n\t\t\t\t<\/div>\n\t\t\t\t<div class=\"elementor-element elementor-element-94f7ff1 elementor-widget elementor-widget-heading\" data-id=\"94f7ff1\" data-element_type=\"widget\" data-widget_type=\"heading.default\">\n\t\t\t\t<div class=\"elementor-widget-container\">\n\t\t\t\t\t<h3 class=\"elementor-heading-title elementor-size-default\">Diagramme de solution syst\u00e8me<\/h3>\t\t\t\t<\/div>\n\t\t\t\t<\/div>\n\t\t<div class=\"elementor-element elementor-element-0661eac e-con-full e-flex e-con e-child\" data-id=\"0661eac\" data-element_type=\"container\" data-settings=\"{&quot;background_background&quot;:&quot;classic&quot;,&quot;_ha_eqh_enable&quot;:false}\">\n\t\t\t\t<div class=\"elementor-element elementor-element-60f435e elementor-widget elementor-widget-image\" data-id=\"60f435e\" data-element_type=\"widget\" data-widget_type=\"image.default\">\n\t\t\t\t<div class=\"elementor-widget-container\">\n\t\t\t\t\t\t\t\t\t\t\t\t\t\t\t<img loading=\"lazy\" decoding=\"async\" width=\"1024\" height=\"623\" src=\"https:\/\/na.felicitysolar.com\/wp-content\/uploads\/2025\/03\/8kW-LV-Single-Phase-1024x623.jpg\" class=\"attachment-large size-large wp-image-15056\" alt=\"8kW ,LV, Single Phase\" srcset=\"https:\/\/na.felicitysolar.com\/wp-content\/uploads\/2025\/03\/8kW-LV-Single-Phase-1024x623.jpg 1024w, https:\/\/na.felicitysolar.com\/wp-content\/uploads\/2025\/03\/8kW-LV-Single-Phase-300x182.jpg 300w, https:\/\/na.felicitysolar.com\/wp-content\/uploads\/2025\/03\/8kW-LV-Single-Phase-768x467.jpg 768w, https:\/\/na.felicitysolar.com\/wp-content\/uploads\/2025\/03\/8kW-LV-Single-Phase-1536x934.jpg 1536w, https:\/\/na.felicitysolar.com\/wp-content\/uploads\/2025\/03\/8kW-LV-Single-Phase-2048x1246.jpg 2048w, https:\/\/na.felicitysolar.com\/wp-content\/uploads\/2025\/03\/8kW-LV-Single-Phase-600x365.jpg 600w\" sizes=\"(max-width: 1024px) 100vw, 1024px\" \/>\t\t\t\t\t\t\t\t\t\t\t\t\t\t\t<\/div>\n\t\t\t\t<\/div>\n\t\t\t\t<\/div>\n\t\t\t\t\t<\/div>\n\t\t\t\t<\/div>\n\t\t\t\t<\/div>","protected":false},"excerpt":{"rendered":"<p>Sch\u00e9ma de la solution du syst\u00e8me Installation et maintenance rentables Efficacit\u00e9 \u00e9nerg\u00e9tique Conception et compatibilit\u00e9 du syst\u00e8me simplifi\u00e9es Id\u00e9al pour une utilisation r\u00e9sidentielle ou commerciale \u00e0 petite \u00e9chelle. 5 kW, basse tension, monophas\u00e9 Cette solution fournit un syst\u00e8me de stockage d'\u00e9nergie fiable et efficace pour les configurations r\u00e9sidentielles monophas\u00e9es. Avec l'onduleur hybride s\u00e9rie IVGM de puissance 5 kW [\u2026]<\/p>","protected":false},"author":1,"featured_media":0,"parent":0,"menu_order":0,"comment_status":"closed","ping_status":"closed","template":"","meta":{"site-sidebar-layout":"no-sidebar","site-content-layout":"page-builder","ast-site-content-layout":"full-width-container","site-content-style":"default","site-sidebar-style":"default","ast-global-header-display":"","ast-banner-title-visibility":"","ast-main-header-display":"","ast-hfb-above-header-display":"","ast-hfb-below-header-display":"","ast-hfb-mobile-header-display":"","site-post-title":"disabled","ast-breadcrumbs-content":"","ast-featured-img":"disabled","footer-sml-layout":"","theme-transparent-header-meta":"default","adv-header-id-meta":"","stick-header-meta":"default","header-above-stick-meta":"","header-main-stick-meta":"","header-below-stick-meta":"","astra-migrate-meta-layouts":"set","ast-page-background-enabled":"default","ast-page-background-meta":{"desktop":{"background-color":"","background-image":"","background-repeat":"repeat","background-position":"center center","background-size":"auto","background-attachment":"scroll","background-type":"","background-media":"","overlay-type":"","overlay-color":"","overlay-opacity":"","overlay-gradient":""},"tablet":{"background-color":"","background-image":"","background-repeat":"repeat","background-position":"center center","background-size":"auto","background-attachment":"scroll","background-type":"","background-media":"","overlay-type":"","overlay-color":"","overlay-opacity":"","overlay-gradient":""},"mobile":{"background-color":"","background-image":"","background-repeat":"repeat","background-position":"center center","background-size":"auto","background-attachment":"scroll","background-type":"","background-media":"","overlay-type":"","overlay-color":"","overlay-opacity":"","overlay-gradient":""}},"ast-content-background-meta":{"desktop":{"background-color":"var(--ast-global-color-5)","background-image":"","background-repeat":"repeat","background-position":"center center","background-size":"auto","background-attachment":"scroll","background-type":"","background-media":"","overlay-type":"","overlay-color":"","overlay-opacity":"","overlay-gradient":""},"tablet":{"background-color":"var(--ast-global-color-5)","background-image":"","background-repeat":"repeat","background-position":"center center","background-size":"auto","background-attachment":"scroll","background-type":"","background-media":"","overlay-type":"","overlay-color":"","overlay-opacity":"","overlay-gradient":""},"mobile":{"background-color":"var(--ast-global-color-5)","background-image":"","background-repeat":"repeat","background-position":"center center","background-size":"auto","background-attachment":"scroll","background-type":"","background-media":"","overlay-type":"","overlay-color":"","overlay-opacity":"","overlay-gradient":""}},"footnotes":""},"class_list":["post-16087","page","type-page","status-publish","hentry"],"acf":[],"_links":{"self":[{"href":"https:\/\/na.felicitysolar.com\/fr\/wp-json\/wp\/v2\/pages\/16087","targetHints":{"allow":["GET"]}}],"collection":[{"href":"https:\/\/na.felicitysolar.com\/fr\/wp-json\/wp\/v2\/pages"}],"about":[{"href":"https:\/\/na.felicitysolar.com\/fr\/wp-json\/wp\/v2\/types\/page"}],"author":[{"embeddable":true,"href":"https:\/\/na.felicitysolar.com\/fr\/wp-json\/wp\/v2\/users\/1"}],"replies":[{"embeddable":true,"href":"https:\/\/na.felicitysolar.com\/fr\/wp-json\/wp\/v2\/comments?post=16087"}],"version-history":[{"count":25,"href":"https:\/\/na.felicitysolar.com\/fr\/wp-json\/wp\/v2\/pages\/16087\/revisions"}],"predecessor-version":[{"id":20387,"href":"https:\/\/na.felicitysolar.com\/fr\/wp-json\/wp\/v2\/pages\/16087\/revisions\/20387"}],"wp:attachment":[{"href":"https:\/\/na.felicitysolar.com\/fr\/wp-json\/wp\/v2\/media?parent=16087"}],"curies":[{"name":"wp","href":"https:\/\/api.w.org\/{rel}","templated":true}]}}