{"id":19941,"date":"2025-06-27T15:30:37","date_gmt":"2025-06-27T07:30:37","guid":{"rendered":"https:\/\/na.felicitysolar.com\/?page_id=19941"},"modified":"2025-11-12T15:02:31","modified_gmt":"2025-11-12T07:02:31","slug":"anti-counterfeiting-verify","status":"publish","type":"page","link":"https:\/\/na.felicitysolar.com\/fr\/services\/anti-counterfeiting-verify\/","title":{"rendered":"Contr\u00f4le anti-conformit\u00e9"},"content":{"rendered":"<div data-elementor-type=\"wp-page\" data-elementor-id=\"19941\" class=\"elementor elementor-19941\" data-elementor-settings=\"{&quot;ha_cmc_init_switcher&quot;:&quot;no&quot;}\" data-elementor-post-type=\"page\">\n\t\t\t\t<div class=\"elementor-element elementor-element-a66387e e-con-full e-flex e-con e-parent\" data-id=\"a66387e\" data-element_type=\"container\" data-settings=\"{&quot;_ha_eqh_enable&quot;:false}\">\n\t\t\t\t<div class=\"elementor-element elementor-element-c477c08 elementor-widget elementor-widget-image\" data-id=\"c477c08\" data-element_type=\"widget\" data-widget_type=\"image.default\">\n\t\t\t\t<div class=\"elementor-widget-container\">\n\t\t\t\t\t\t\t\t\t\t\t\t\t\t\t<img fetchpriority=\"high\" decoding=\"async\" width=\"2560\" height=\"974\" src=\"https:\/\/na.felicitysolar.com\/wp-content\/uploads\/2025\/06\/b1-scaled.png\" class=\"attachment-full size-full wp-image-19944\" alt=\"B1.png\" srcset=\"https:\/\/na.felicitysolar.com\/wp-content\/uploads\/2025\/06\/b1-scaled.png 2560w, https:\/\/na.felicitysolar.com\/wp-content\/uploads\/2025\/06\/b1-300x114.png 300w, https:\/\/na.felicitysolar.com\/wp-content\/uploads\/2025\/06\/b1-1024x390.png 1024w, https:\/\/na.felicitysolar.com\/wp-content\/uploads\/2025\/06\/b1-768x292.png 768w, https:\/\/na.felicitysolar.com\/wp-content\/uploads\/2025\/06\/b1-1536x584.png 1536w, https:\/\/na.felicitysolar.com\/wp-content\/uploads\/2025\/06\/b1-2048x779.png 2048w, https:\/\/na.felicitysolar.com\/wp-content\/uploads\/2025\/06\/b1-18x7.png 18w, https:\/\/na.felicitysolar.com\/wp-content\/uploads\/2025\/06\/b1-600x228.png 600w\" sizes=\"(max-width: 2560px) 100vw, 2560px\" \/>\t\t\t\t\t\t\t\t\t\t\t\t\t\t\t<\/div>\n\t\t\t\t<\/div>\n\t\t\t\t<\/div>\n\t\t<div class=\"elementor-element elementor-element-a85e203 e-grid e-con-boxed e-con e-parent\" data-id=\"a85e203\" data-element_type=\"container\" data-settings=\"{&quot;background_background&quot;:&quot;gradient&quot;,&quot;_ha_eqh_enable&quot;:false}\">\n\t\t\t\t\t<div class=\"e-con-inner\">\n\t\t<div class=\"elementor-element elementor-element-bd14bcc e-con-full e-flex e-con e-child\" data-id=\"bd14bcc\" data-element_type=\"container\" data-settings=\"{&quot;_ha_eqh_enable&quot;:false}\">\n\t\t\t\t<div class=\"elementor-element elementor-element-ca5a55b elementor-widget__width-auto elementor-widget elementor-widget-image\" data-id=\"ca5a55b\" data-element_type=\"widget\" data-widget_type=\"image.default\">\n\t\t\t\t<div class=\"elementor-widget-container\">\n\t\t\t\t\t\t\t\t\t\t\t\t\t\t\t<img decoding=\"async\" width=\"999\" height=\"349\" src=\"https:\/\/na.felicitysolar.com\/wp-content\/uploads\/2025\/06\/logo_w.png\" class=\"attachment-full size-full wp-image-19948\" alt=\"Logo W.png\" srcset=\"https:\/\/na.felicitysolar.com\/wp-content\/uploads\/2025\/06\/logo_w.png 999w, https:\/\/na.felicitysolar.com\/wp-content\/uploads\/2025\/06\/logo_w-300x105.png 300w, https:\/\/na.felicitysolar.com\/wp-content\/uploads\/2025\/06\/logo_w-768x268.png 768w, https:\/\/na.felicitysolar.com\/wp-content\/uploads\/2025\/06\/logo_w-18x6.png 18w, https:\/\/na.felicitysolar.com\/wp-content\/uploads\/2025\/06\/logo_w-600x210.png 600w\" sizes=\"(max-width: 999px) 100vw, 999px\" \/>\t\t\t\t\t\t\t\t\t\t\t\t\t\t\t<\/div>\n\t\t\t\t<\/div>\n\t\t\t\t<div class=\"elementor-element elementor-element-ffe2fb1 elementor-widget__width-auto elementor-hidden-tablet elementor-widget elementor-widget-heading\" data-id=\"ffe2fb1\" data-element_type=\"widget\" data-widget_type=\"heading.default\">\n\t\t\t\t<div class=\"elementor-widget-container\">\n\t\t\t\t\t<h4 class=\"elementor-heading-title elementor-size-default\">Code de s\u00e9curit\u00e9<\/h4>\t\t\t\t<\/div>\n\t\t\t\t<\/div>\n\t\t\t\t<div class=\"elementor-element elementor-element-2466522 elementor-widget__width-auto elementor-widget elementor-widget-html\" data-id=\"2466522\" data-element_type=\"widget\" data-widget_type=\"html.default\">\n\t\t\t\t<div class=\"elementor-widget-container\">\n\t\t\t\t\t<input id=\"FWcode\" class=\"fwcx_inp\" type=\"text\" value=\"\" placeholder=\"\" \/>\n<link href=\"\/verify-src\/css\/bootstrap.css\" rel=\"stylesheet\" type=\"text\/css\">\n<link href=\"\/verify-src\/css\/fw_style.css\" rel=\"stylesheet\" type=\"text\/css\">\n<script src=\"\/verify-src\/js\/jquery-2.1.1.min.js\" type=\"text\/javascript\"><\/script>\n<script type=\"text\/javascript\">\n\/\/\u83b7\u5f97Url\u62bd\u5956\u7801\nfunction getQueryString(name) {\n\tvar reg = new RegExp(\"(^|&)\" + name + \"=([^&]*)(&|$)\", \"i\");\n\tvar r = window.location.search.substr(1).match(reg);\n\tif (r != null) return unescape(r[2]); return null;\n}\nvar code = getQueryString(\"code\");\n$(function() {\n\t$('#FWcode').val(code);\n\t$('#btnSearch').click(function() {\n\t\tvar fwcode = $('#FWcode').val();\n\t\tif (fwcode.length != 16) {\n\t\t\talert('The anti-counterfeiting code must be greater than or equal to 16 bits');\n\t\t\t$('#FWcode').select();\n\t\t\treturn; \n\t\t}\n\t\tvar myDate = new Date();\n\t\t$('#lblNumber').html('Querying, please wait...');\n\t\t$('#divResult').html('Querying, please wait...');\n\t\t$('#result').slideDown();\n\t\t\n\t\t$.ajax({\n\t\t\ttype: \"get\",\n\t\t\tasync: false,\n\t\t    url: \"https:\/\/felicitysolar.kongjiaxitong.cn\/api\/index\/query\",\n\t\t\tdata: { FWcode: fwcode },\n\t\t\tdataType: \"jsonp\",\n\t\t\tjsonp: \"callback\", \/\/\u670d\u52a1\u7aef\u7528\u4e8e\u63a5\u6536callback\u8c03\u7528\u7684function\u540d\u7684\u53c2\u6570\n\n\t\t\tsuccess: function(json) {\n\t\t\t\t$('#lblNumber').html(json.msg.code);\n\t\t\t\t$('#divResult').html(json.msg.data);\n\t\t\t\tsetTimeout(function() {\n            $('html, body').animate({\n                scrollTop: $('#show_result').offset().top-200 \/\/ \u53ef\u8c03\u6574\u504f\u79fb\u91cf\n            }, 800);\n        }, 100); \/\/ \u77ed\u6682\u5ef6\u8fdf\u786e\u4fddDOM\u66f4\u65b0\n\t\t\t},\n\t\t\terror: function() {\n\t\t\t\talert('Network error, please try again later');\n\t\t\t}\n\t\t});\n\t});\n});\n\n\/\/\u56de\u8f66\u70b9\u51fb\u6309\u94ae\u63d0\u4ea4\ndocument.onkeydown = function (e) {\n\tif (!e) e = window.event;\n\tif ((e.keyCode || e.which) == 13) {\n\t\tvar obtnLogin = document.getElementById(\"btnSearch\"); \/\/submit_btn\u4e3a\u6309\u94aeID\n\t\tobtnLogin.focus();\n\t\tfun(); \/\/\u63d0\u4ea4\u6309\u94ae\u89e6\u53d1\u7684\u65b9\u6cd5\n\t}\n}\n<\/script>\t\t\t\t<\/div>\n\t\t\t\t<\/div>\n\t\t\t\t<div class=\"elementor-element elementor-element-7fb67f4 elementor-widget__width-auto elementor-widget elementor-widget-button\" data-id=\"7fb67f4\" data-element_type=\"widget\" data-widget_type=\"button.default\">\n\t\t\t\t<div class=\"elementor-widget-container\">\n\t\t\t\t\t\t\t\t\t<div class=\"elementor-button-wrapper\">\n\t\t\t\t\t<a class=\"elementor-button elementor-size-sm\" role=\"button\" id=\"btnSearch\">\n\t\t\t\t\t\t<span class=\"elementor-button-content-wrapper\">\n\t\t\t\t\t\t\t\t\t<span class=\"elementor-button-text\">CONTR\u00d4LE<\/span>\n\t\t\t\t\t<\/span>\n\t\t\t\t\t<\/a>\n\t\t\t\t<\/div>\n\t\t\t\t\t\t\t\t<\/div>\n\t\t\t\t<\/div>\n\t\t\t\t<\/div>\n\t\t\t\t<div class=\"elementor-element elementor-element-88af75a elementor-widget elementor-widget-text-editor\" data-id=\"88af75a\" data-element_type=\"widget\" data-widget_type=\"text-editor.default\">\n\t\t\t\t<div class=\"elementor-widget-container\">\n\t\t\t\t\t\t\t\t\t<p><strong>Felicitysolar s'engage \u00e0 fournir \u00e0 ses clients des produits fiables et de haute qualit\u00e9.<\/strong><\/p><p><strong>Saisissez le code \u00e0 16 chiffres imprim\u00e9 sur l'\u00e9tiquette anti-contrefa\u00e7on pour v\u00e9rifier l'authenticit\u00e9 de votre produit.<\/strong><\/p>\t\t\t\t\t\t\t\t<\/div>\n\t\t\t\t<\/div>\n\t\t\t\t\t<\/div>\n\t\t\t\t<\/div>\n\t\t<div class=\"elementor-element elementor-element-d512582 e-flex e-con-boxed e-con e-parent\" data-id=\"d512582\" data-element_type=\"container\" data-settings=\"{&quot;background_background&quot;:&quot;classic&quot;,&quot;_ha_eqh_enable&quot;:false}\">\n\t\t\t\t\t<div class=\"e-con-inner\">\n\t\t\t\t<div class=\"elementor-element elementor-element-e7c9a4f main_title1 elementor-widget elementor-widget-heading\" data-id=\"e7c9a4f\" data-element_type=\"widget\" data-widget_type=\"heading.default\">\n\t\t\t\t<div class=\"elementor-widget-container\">\n\t\t\t\t\t<h2 class=\"elementor-heading-title elementor-size-default\">FELICITYSOLAR<\/h2>\t\t\t\t<\/div>\n\t\t\t\t<\/div>\n\t\t\t\t<div class=\"elementor-element elementor-element-35fc8c0 elementor-widget elementor-widget-html\" data-id=\"35fc8c0\" data-element_type=\"widget\" data-widget_type=\"html.default\">\n\t\t\t\t<div class=\"elementor-widget-container\">\n\t\t\t\t\t<span style=\"width: 50px;height: 5px;background: url(\/verify-src\/images\/title_tex_i.png) no-repeat center center;display: inline-block;position: relative;margin-bottom: 0;\"><\/span>\t\t\t\t<\/div>\n\t\t\t\t<\/div>\n\t\t\t\t<div class=\"elementor-element elementor-element-2c1771f elementor-widget elementor-widget-heading\" data-id=\"2c1771f\" data-element_type=\"widget\" data-widget_type=\"heading.default\">\n\t\t\t\t<div class=\"elementor-widget-container\">\n\t\t\t\t\t<h4 class=\"elementor-heading-title elementor-size-default\">R\u00e9sultats de la v\u00e9rification du produit<\/h4>\t\t\t\t<\/div>\n\t\t\t\t<\/div>\n\t\t\t\t\t<\/div>\n\t\t\t\t<\/div>\n\t\t<div class=\"elementor-element elementor-element-15dcdfd e-flex e-con-boxed e-con e-parent\" data-id=\"15dcdfd\" data-element_type=\"container\" id=\"show_result\" data-settings=\"{&quot;background_background&quot;:&quot;classic&quot;,&quot;_ha_eqh_enable&quot;:false}\">\n\t\t\t\t\t<div class=\"e-con-inner\">\n\t\t<div class=\"elementor-element elementor-element-7e4d0d7 e-flex e-con-boxed e-con e-child\" data-id=\"7e4d0d7\" data-element_type=\"container\" data-settings=\"{&quot;background_background&quot;:&quot;classic&quot;,&quot;_ha_eqh_enable&quot;:false}\">\n\t\t\t\t\t<div class=\"e-con-inner\">\n\t\t<div class=\"elementor-element elementor-element-55453a7 e-con-full e-flex e-con e-child\" data-id=\"55453a7\" data-element_type=\"container\" data-settings=\"{&quot;_ha_eqh_enable&quot;:false}\">\n\t\t\t\t<div class=\"elementor-element elementor-element-d177cbf elementor-widget elementor-widget-heading\" data-id=\"d177cbf\" data-element_type=\"widget\" data-widget_type=\"heading.default\">\n\t\t\t\t<div class=\"elementor-widget-container\">\n\t\t\t\t\t<h4 class=\"elementor-heading-title elementor-size-default\">Code de v\u00e9rification :<\/h4>\t\t\t\t<\/div>\n\t\t\t\t<\/div>\n\t\t\t\t<div class=\"elementor-element elementor-element-569617a elementor-widget__width-auto elementor-widget elementor-widget-heading\" data-id=\"569617a\" data-element_type=\"widget\" id=\"lblNumber\" data-widget_type=\"heading.default\">\n\t\t\t\t<div class=\"elementor-widget-container\">\n\t\t\t\t\t<h4 class=\"elementor-heading-title elementor-size-default\"> <\/h4>\t\t\t\t<\/div>\n\t\t\t\t<\/div>\n\t\t\t\t<\/div>\n\t\t<div class=\"elementor-element elementor-element-0e7bfd1 e-con-full e-flex e-con e-child\" data-id=\"0e7bfd1\" data-element_type=\"container\" data-settings=\"{&quot;_ha_eqh_enable&quot;:false}\">\n\t\t\t\t<div class=\"elementor-element elementor-element-db254f0 elementor-widget elementor-widget-heading\" data-id=\"db254f0\" data-element_type=\"widget\" data-widget_type=\"heading.default\">\n\t\t\t\t<div class=\"elementor-widget-container\">\n\t\t\t\t\t<h4 class=\"elementor-heading-title elementor-size-default\">R\u00e9sultat de la v\u00e9rification :<\/h4>\t\t\t\t<\/div>\n\t\t\t\t<\/div>\n\t\t\t\t<div class=\"elementor-element elementor-element-7203794 elementor-widget__width-auto elementor-widget elementor-widget-heading\" data-id=\"7203794\" data-element_type=\"widget\" id=\"divResult\" data-widget_type=\"heading.default\">\n\t\t\t\t<div class=\"elementor-widget-container\">\n\t\t\t\t\t<h4 class=\"elementor-heading-title elementor-size-default\"> <\/h4>\t\t\t\t<\/div>\n\t\t\t\t<\/div>\n\t\t\t\t<\/div>\n\t\t\t\t\t<\/div>\n\t\t\t\t<\/div>\n\t\t\t\t\t<\/div>\n\t\t\t\t<\/div>\n\t\t\t\t<\/div>","protected":false},"excerpt":{"rendered":"<p>Code de s\u00e9curit\u00e9 CHECK Felicitysolar s'engage \u00e0 fournir \u00e0 ses clients des produits fiables et de haute qualit\u00e9. Saisissez le code \u00e0 16 chiffres imprim\u00e9 sur l'\u00e9tiquette anti-contrefa\u00e7on pour v\u00e9rifier l'authenticit\u00e9 de votre produit. FELICITYSOLAR R\u00e9sultats de la v\u00e9rification du produit Code de v\u00e9rification\uff1a R\u00e9sultat de la v\u00e9rification\uff1a<\/p>","protected":false},"author":2,"featured_media":0,"parent":147,"menu_order":0,"comment_status":"closed","ping_status":"closed","template":"","meta":{"site-sidebar-layout":"no-sidebar","site-content-layout":"page-builder","ast-site-content-layout":"full-width-container","site-content-style":"default","site-sidebar-style":"default","ast-global-header-display":"","ast-banner-title-visibility":"","ast-main-header-display":"","ast-hfb-above-header-display":"","ast-hfb-below-header-display":"","ast-hfb-mobile-header-display":"","site-post-title":"disabled","ast-breadcrumbs-content":"","ast-featured-img":"disabled","footer-sml-layout":"","theme-transparent-header-meta":"default","adv-header-id-meta":"","stick-header-meta":"default","header-above-stick-meta":"","header-main-stick-meta":"","header-below-stick-meta":"","astra-migrate-meta-layouts":"set","ast-page-background-enabled":"default","ast-page-background-meta":{"desktop":{"background-color":"","background-image":"","background-repeat":"repeat","background-position":"center center","background-size":"auto","background-attachment":"scroll","background-type":"","background-media":"","overlay-type":"","overlay-color":"","overlay-opacity":"","overlay-gradient":""},"tablet":{"background-color":"","background-image":"","background-repeat":"repeat","background-position":"center center","background-size":"auto","background-attachment":"scroll","background-type":"","background-media":"","overlay-type":"","overlay-color":"","overlay-opacity":"","overlay-gradient":""},"mobile":{"background-color":"","background-image":"","background-repeat":"repeat","background-position":"center center","background-size":"auto","background-attachment":"scroll","background-type":"","background-media":"","overlay-type":"","overlay-color":"","overlay-opacity":"","overlay-gradient":""}},"ast-content-background-meta":{"desktop":{"background-color":"var(--ast-global-color-5)","background-image":"","background-repeat":"repeat","background-position":"center center","background-size":"auto","background-attachment":"scroll","background-type":"","background-media":"","overlay-type":"","overlay-color":"","overlay-opacity":"","overlay-gradient":""},"tablet":{"background-color":"var(--ast-global-color-5)","background-image":"","background-repeat":"repeat","background-position":"center center","background-size":"auto","background-attachment":"scroll","background-type":"","background-media":"","overlay-type":"","overlay-color":"","overlay-opacity":"","overlay-gradient":""},"mobile":{"background-color":"var(--ast-global-color-5)","background-image":"","background-repeat":"repeat","background-position":"center center","background-size":"auto","background-attachment":"scroll","background-type":"","background-media":"","overlay-type":"","overlay-color":"","overlay-opacity":"","overlay-gradient":""}},"footnotes":""},"class_list":["post-19941","page","type-page","status-publish","hentry"],"acf":[],"_links":{"self":[{"href":"https:\/\/na.felicitysolar.com\/fr\/wp-json\/wp\/v2\/pages\/19941","targetHints":{"allow":["GET"]}}],"collection":[{"href":"https:\/\/na.felicitysolar.com\/fr\/wp-json\/wp\/v2\/pages"}],"about":[{"href":"https:\/\/na.felicitysolar.com\/fr\/wp-json\/wp\/v2\/types\/page"}],"author":[{"embeddable":true,"href":"https:\/\/na.felicitysolar.com\/fr\/wp-json\/wp\/v2\/users\/2"}],"replies":[{"embeddable":true,"href":"https:\/\/na.felicitysolar.com\/fr\/wp-json\/wp\/v2\/comments?post=19941"}],"version-history":[{"count":13,"href":"https:\/\/na.felicitysolar.com\/fr\/wp-json\/wp\/v2\/pages\/19941\/revisions"}],"predecessor-version":[{"id":21206,"href":"https:\/\/na.felicitysolar.com\/fr\/wp-json\/wp\/v2\/pages\/19941\/revisions\/21206"}],"up":[{"embeddable":true,"href":"https:\/\/na.felicitysolar.com\/fr\/wp-json\/wp\/v2\/pages\/147"}],"wp:attachment":[{"href":"https:\/\/na.felicitysolar.com\/fr\/wp-json\/wp\/v2\/media?parent=19941"}],"curies":[{"name":"wp","href":"https:\/\/api.w.org\/{rel}","templated":true}]}}