{"id":2368,"date":"2024-06-04T05:18:39","date_gmt":"2024-06-04T05:18:39","guid":{"rendered":"https:\/\/www.felicitysolar.com\/rhombus-grid-with-content-carousel\/"},"modified":"2024-06-04T05:18:39","modified_gmt":"2024-06-04T05:18:39","slug":"rhombus-grid-with-content-carousel","status":"publish","type":"page","link":"https:\/\/na.felicitysolar.com\/fr\/rhombus-grid-with-content-carousel\/","title":{"rendered":"Grille de diamants avec carrousel de contenu"},"content":{"rendered":"<div data-elementor-type=\"wp-post\" data-elementor-id=\"2368\" class=\"elementor elementor-2368\" data-elementor-settings=\"{&quot;ha_cmc_init_switcher&quot;:&quot;no&quot;}\" data-elementor-post-type=\"page\">\n\t\t\t\t<div class=\"elementor-element elementor-element-dfab867 e-flex e-con-boxed e-con e-parent\" data-id=\"dfab867\" data-element_type=\"container\" data-settings=\"{&quot;background_background&quot;:&quot;classic&quot;,&quot;_ha_eqh_enable&quot;:false}\">\n\t\t\t\t\t<div class=\"e-con-inner\">\n\t\t\t\t<div class=\"elementor-element elementor-element-b744170 elementor-widget elementor-widget-heading\" data-id=\"b744170\" data-element_type=\"widget\" data-widget_type=\"heading.default\">\n\t\t\t\t<div class=\"elementor-widget-container\">\n\t\t\t\t\t<h2 class=\"elementor-heading-title elementor-size-default\">Votre chemin vers le bien-\u00eatre<\/h2>\t\t\t\t<\/div>\n\t\t\t\t<\/div>\n\t\t\t\t<div class=\"elementor-element elementor-element-1b09ead elementor-widget elementor-widget-heading\" data-id=\"1b09ead\" data-element_type=\"widget\" data-widget_type=\"heading.default\">\n\t\t\t\t<div class=\"elementor-widget-container\">\n\t\t\t\t\t<p class=\"elementor-heading-title elementor-size-default\">Une gamme de techniques de massage<\/p>\t\t\t\t<\/div>\n\t\t\t\t<\/div>\n\t\t<div class=\"elementor-element elementor-element-3d55c2e e-flex e-con-boxed e-con e-child\" data-id=\"3d55c2e\" data-element_type=\"container\" data-settings=\"{&quot;_ha_eqh_enable&quot;:false}\">\n\t\t\t\t\t<div class=\"e-con-inner\">\n\t\t<div class=\"elementor-element elementor-element-3a7dce3 e-con-full e-flex e-con e-child\" data-id=\"3a7dce3\" data-element_type=\"container\" data-settings=\"{&quot;_ha_eqh_enable&quot;:false}\">\n\t\t\t\t<div class=\"elementor-element elementor-element-50c642c elementor-widget elementor-widget-ucaddon_ue_rhombus_image_gallery\" data-id=\"50c642c\" data-element_type=\"widget\" data-widget_type=\"ucaddon_ue_rhombus_image_gallery.default\">\n\t\t\t\t<div class=\"elementor-widget-container\">\n\t\t\t\t\t\n<!-- start Rhombus Grid -->\n\t\t<link id='fancybox-css' href='https:\/\/na.felicitysolar.com\/wp-content\/plugins\/unlimited-elements-for-elementor-premium\/assets_libraries\/fancybox3\/jquery.fancybox.min.css' type='text\/css' rel='stylesheet' >\n\n<style>\/* widget: Rhombus Grid *\/\n\n\r\n@keyframes uc_ue_rhombus_image_gallery_elementor_50c642c__item-animation {\r\n  0% {\r\n            transform:scale(0.2);\r\n        \t        \tfilter: blur(10px);\r\n\t\t\t\r\n    \t    opacity: 0;\r\n  }\r\n  100% {\r\n            transform:scale(1);\r\n        \t            filter: blur(0px);\r\n            \r\n    \t\topacity: 1;\r\n  }\r\n}\r\n\r\n\r\n#uc_ue_rhombus_image_gallery_elementor_50c642c .ue-rhombus-gallery__item{\r\n\topacity:0;\r\n}\r\n\r\n\r\n#uc_ue_rhombus_image_gallery_elementor_50c642c .uc-entrance-animate {\r\n  opacity:1;\r\n}\r\n\r\n#uc_ue_rhombus_image_gallery_elementor_50c642c .uc-entrance-animate {\r\n\tanimation: uc_ue_rhombus_image_gallery_elementor_50c642c__item-animation 0.6s cubic-bezier(0.470, 0.000, 0.745, 0.715) both;\r\n}\r\n\r\n\t\t\t\n\n#uc_ue_rhombus_image_gallery_elementor_50c642c.ue-rhombus-gallery {\n  --col-count: 2;\n  \t--columns-count: calc(var(--col-count) * 2 + 1);\n  display: grid;\n  grid-template-columns: repeat(var(--columns-count), 1fr);\n  opacity: 0;\n  transition: opacity 0.2s ease-in-out;\n}\n\n#uc_ue_rhombus_image_gallery_elementor_50c642c.ue-rhombus-gallery.uc-show {\n  opacity: 1;\n}\n\n#uc_ue_rhombus_image_gallery_elementor_50c642c .ue-rhombus-gallery__item {\n  z-index: 1;\n  grid-column: span 2;\n  margin-bottom: -50%; \n  -webkit-clip-path: polygon(50% 0%, 100% 50%, 50% 100%, 0% 50%);\n  clip-path: polygon(50% 0%, 100% 50%, 50% 100%, 0% 50%);\n  transition: all 0.25s;\n  aspect-ratio: 1 \/ 1;\n  width:100%;\n  overflow: hidden;\n}\n\n#uc_ue_rhombus_image_gallery_elementor_50c642c .ue-rhombus-gallery__item-wrapper {\n  position: relative;\n  height: 100%;\n  width: 100%;\n  display: flex;\n  flex-direction: column;\n  justify-content: center;\n  align-items: center;\n  text-align:center;\n}\n\n#uc_ue_rhombus_image_gallery_elementor_50c642c .ue-rhombus-gallery__item-content-wrapper {\n  display: flex;\n    flex-direction: column;\n    justify-content: center;\n  z-index: 1;\n}\n\n#uc_ue_rhombus_image_gallery_elementor_50c642c .ue-rhombus-gallery__item-border {\n  position: absolute;\n  inset: 0;\n  height: 100%;\n  width: 100%;\n  background-color: transparent;\n  transform: rotate(45deg) scale(0.7071);\n  pointer-events: none;\n}\n\n#uc_ue_rhombus_image_gallery_elementor_50c642c .ue-rhombus-gallery__item-image {\n  position: absolute;\n  inset: 0;\n  height: 100%;\n  width: 100%;\n  z-index: 0;\n  object-fit: cover;\n}\n\n#uc_ue_rhombus_image_gallery_elementor_50c642c .ue-rhombus-gallery__item:hover {\n  z-index: 3;\n}\n\n  #uc_ue_rhombus_image_gallery_elementor_50c642c .ue-rhombus-gallery__item .ue-rhombus-gallery__item-image {\n    transition: transform 300ms linear;\n  }\n  #uc_ue_rhombus_image_gallery_elementor_50c642c .ue-rhombus-gallery__item:hover .ue-rhombus-gallery__item-image {\n    transform: scale(1.1);\n  }\n\n#uc_ue_rhombus_image_gallery_elementor_50c642c .ue-rhombus-gallery__item.ue-active-item .ue-rhombus-gallery__item-image {\n  transition: transform 300ms linear;\n}\n#uc_ue_rhombus_image_gallery_elementor_50c642c .ue-rhombus-gallery__item.ue-active-item .ue-rhombus-gallery__item-image {\n  transform: scale(1.1);\n}\n\n#uc_ue_rhombus_image_gallery_elementor_50c642c .ue-overlay-link {\n  position: absolute;\n  inset: 0;\n}\n\n#uc_ue_rhombus_image_gallery_elementor_50c642c .ue-graphic-element\n{\n  display:inline-flex;\n  align-items:center;\n  justify-content:center;\n  line-height:1em;\n  overflow:hidden;\n  z-index: 1;\n}\n\n#uc_ue_rhombus_image_gallery_elementor_50c642c .ue-graphic-element svg\n{\n  height:1em;\n  width:1em;\n}\n\n#uc_ue_rhombus_image_gallery_elementor_50c642c .ue-graphic-element img\n{\n  display:block;\n}\n\n.ue-item-title\n{\n  font-size:21px;\n}\n\n@media screen and (max-width: 1024px) {\n\t#uc_ue_rhombus_image_gallery_elementor_50c642c.ue-rhombus-gallery {\n      --col-count:  2 ;\n      --columns-count: calc(var(--col-count) * 2 + 1);\n    }\n}\n\n@media screen and (max-width: 767px) {\n\t#uc_ue_rhombus_image_gallery_elementor_50c642c.ue-rhombus-gallery {\n      --col-count:  2  ;\n  \t  --columns-count: calc(var(--col-count) * 2 + 1);\n    }\n}\n\nbody[data-elementor-device-mode=\"desktop\"] #uc_ue_rhombus_image_gallery_elementor_50c642c .ue-rhombus-gallery__item.ue-desktop-hide {\n\tdisplay: none;\n}\n\nbody[data-elementor-device-mode=\"tablet\"] #uc_ue_rhombus_image_gallery_elementor_50c642c .ue-rhombus-gallery__item.ue-tablet-hide {\n\tdisplay: none;\n}\n\nbody[data-elementor-device-mode=\"mobile\"] #uc_ue_rhombus_image_gallery_elementor_50c642c .ue-rhombus-gallery__item.ue-mobile-hide {\n\tdisplay: none;\n}\n\n<\/style>\n\n<div id=\"uc_ue_rhombus_image_gallery_elementor_50c642c\" class=\"ue-rhombus-gallery  uc-remote-parent uc-items-wrapper\"  data-remoteid='auto' data-widgetname='Rhombus Grid' data-sync='true' data-syncid='group2'>\n    <div class=\"ue-rhombus-gallery__item  elementor-repeater-item-7626db8\" data-item-id=\"uc_ue_rhombus_image_gallery_elementor_50c642c_item1\">\n  <div class=\"ue-rhombus-gallery__item-wrapper\">\n     <img decoding=\"async\" class=\"ue-rhombus-gallery__item-image\" src=\"\" alt=\"\" \/>     <div class=\"ue-rhombus-gallery__item-content-wrapper\">\n                  <div class=\"ue-graphic-element\"><span class=\"ue-ge-text\">01<\/span><\/div>\n                 <div class=\"ue-rhombus-gallery__item-title\">Massage tha\u00eflandais<\/div>       \n      \n      \n      \n          <\/div>\n  <\/div>\n  <div class=\"ue-rhombus-gallery__item-border\"><\/div>\n<\/div>\n<div class=\"ue-rhombus-gallery__item  elementor-repeater-item-c5c56cb\" data-item-id=\"uc_ue_rhombus_image_gallery_elementor_50c642c_item2\">\n  <div class=\"ue-rhombus-gallery__item-wrapper\">\n     <img decoding=\"async\" class=\"ue-rhombus-gallery__item-image\" src=\"https:\/\/na.felicitysolar.com\/wp-content\/uploads\/2025\/03\/therapy.jpeg\" alt=\"therapy\" \/>     <div class=\"ue-rhombus-gallery__item-content-wrapper\">\n                  <div class=\"ue-graphic-element\"><span class=\"ue-ge-text\">02<\/span><\/div>\n                 <div class=\"ue-rhombus-gallery__item-title\">Shiatsu<\/div>       \n      \n      \n      \n          <\/div>\n  <\/div>\n  <div class=\"ue-rhombus-gallery__item-border\"><\/div>\n<\/div>\n<div class=\"ue-rhombus-gallery__item  elementor-repeater-item-d07d3f2\" data-item-id=\"uc_ue_rhombus_image_gallery_elementor_50c642c_item3\">\n  <div class=\"ue-rhombus-gallery__item-wrapper\">\n     <img decoding=\"async\" class=\"ue-rhombus-gallery__item-image\" src=\"https:\/\/na.felicitysolar.com\/wp-content\/uploads\/2025\/03\/pool.jpeg\" alt=\"pool\" \/>     <div class=\"ue-rhombus-gallery__item-content-wrapper\">\n                  <div class=\"ue-graphic-element\"><span class=\"ue-ge-text\">03<\/span><\/div>\n                 <div class=\"ue-rhombus-gallery__item-title\">Peeling au sel<\/div>       \n      \n      \n      \n          <\/div>\n  <\/div>\n  <div class=\"ue-rhombus-gallery__item-border\"><\/div>\n<\/div>\n<div class=\"ue-rhombus-gallery__item  elementor-repeater-item-465e4b9\" data-item-id=\"uc_ue_rhombus_image_gallery_elementor_50c642c_item4\">\n  <div class=\"ue-rhombus-gallery__item-wrapper\">\n     <img decoding=\"async\" class=\"ue-rhombus-gallery__item-image\" src=\"https:\/\/na.felicitysolar.com\/wp-content\/uploads\/2025\/03\/massage-oil.jpeg\" alt=\"massage-oil\" \/>     <div class=\"ue-rhombus-gallery__item-content-wrapper\">\n                  <div class=\"ue-graphic-element\"><span class=\"ue-ge-text\">04<\/span><\/div>\n                 <div class=\"ue-rhombus-gallery__item-title\">R\u00e9flexologie<\/div>       \n      \n      \n      \n          <\/div>\n  <\/div>\n  <div class=\"ue-rhombus-gallery__item-border\"><\/div>\n<\/div>\n\n  <\/div>\n<!-- end Rhombus Grid -->\t\t\t\t<\/div>\n\t\t\t\t<\/div>\n\t\t\t\t<\/div>\n\t\t<div class=\"elementor-element elementor-element-2bc159d e-con-full e-flex e-con e-child\" data-id=\"2bc159d\" data-element_type=\"container\" data-settings=\"{&quot;_ha_eqh_enable&quot;:false}\">\n\t\t\t\t<div class=\"elementor-element elementor-element-e5f290c elementor-widget elementor-widget-ucaddon_arrow_navigation\" data-id=\"e5f290c\" data-element_type=\"widget\" data-widget_type=\"ucaddon_arrow_navigation.default\">\n\t\t\t\t<div class=\"elementor-widget-container\">\n\t\t\t\t\t\n<!-- start Remote Arrows -->\n\t\t<link id='font-awesome-css' href='https:\/\/na.felicitysolar.com\/wp-content\/plugins\/unlimited-elements-for-elementor-premium\/assets_libraries\/font-awesome6\/fontawesome-all.min.css' type='text\/css' rel='stylesheet' >\n\t\t<link id='font-awesome-4-shim-css' href='https:\/\/na.felicitysolar.com\/wp-content\/plugins\/unlimited-elements-for-elementor-premium\/assets_libraries\/font-awesome6\/fontawesome-v4-shims.min.css' type='text\/css' rel='stylesheet' >\n\n<style>\/* widget: Remote Arrows *\/\n\n.ue-remote-carousel-navigation-wrapper\n{\n  display:flex;\n}\n\n.ue-remote-carousel-navigation-wrapper .ue-remote-arrow\n{\n  border:none;\n  border-color:transparent;\n}\n\n.ue-remote-carousel-navigation-wrapper .ue-remote-arrow:hover\n{\n  background-color:transparent;\n \n}\n\n\n#uc_arrow_navigation_elementor_e5f290c\n{\n  display:inline-flex;\n}\n\n#uc_arrow_navigation_elementor_e5f290c .ue-remote-arrow\n{\n  flex-grow:0;\n  flex-shrink:0;\n  transition:0.3s;\n  display:inline-flex;\n  align-items:center;\n  justify-content:center;\n  line-height:1em;\n  cursor:pointer;\n}\n\n\n#uc_arrow_navigation_elementor_e5f290c .ue-remote-arrow .ue-carousel-nav-icon\n{\n  transition:0.3s;\n  line-height:1em;\n}\n\n#uc_arrow_navigation_elementor_e5f290c .ue-remote-arrow .ue-carousel-nav-icon svg\n{\n  transition:0.3s;\n  height:1em;\n  width:1em;\n}\n\n\n#uc_arrow_navigation_elementor_e5f290c .ue-carousel-nav-label\n{\n  transition:0.3s;\n}\n\n#uc_arrow_navigation_elementor_e5f290c .uc-disabled{\n\topacity: 0.3;\n}\n\n<\/style>\n\n<div class=\"ue-remote-carousel-navigation-wrapper\">\n<div id=\"uc_arrow_navigation_elementor_e5f290c\" class=\"ue-remote-carousel-navigation\"  data-parentid='auto'>\n  \n  \n  \n\t<div class=\"ue-remote-arrow ue-carousel-prev\">\n    <div class=\"ue-carousel-nav-icon\"><i class='fas fa-chevron-left'><\/i><\/div>\n    \t\n  <\/div>   \n\t\n\n  \n \n\n  <div class=\"ue-remote-arrow ue-carousel-next\">\n        <div class=\"ue-carousel-nav-icon\"><i class='fas fa-chevron-right'><\/i><\/div>\n  <\/div>\n  \n  \n<\/div>\n<\/div>\n<!-- end Remote Arrows -->\t\t\t\t<\/div>\n\t\t\t\t<\/div>\n\t\t\t\t<div class=\"elementor-element elementor-element-3e1f70e elementor-widget elementor-widget-ucaddon_content_carousel_new\" data-id=\"3e1f70e\" data-element_type=\"widget\" data-widget_type=\"ucaddon_content_carousel_new.default\">\n\t\t\t\t<div class=\"elementor-widget-container\">\n\t\t\t\t\t\n<!-- start Content Carousel -->\n\t\t<link id='owl-carousel-css' href='https:\/\/na.felicitysolar.com\/wp-content\/plugins\/unlimited-elements-for-elementor-premium\/assets_libraries\/owl-carousel-new\/assets\/owl.carousel.css' type='text\/css' rel='stylesheet' >\n\n<style>\/* widget: Content Carousel *\/\n\n.ue-content-carousel{\n  min-height:1px;\n}\n\n#uc_content_carousel_new_elementor_3e1f70e .ue-item{\n  transition:0.3s;\n  position:relative;\n}\n\n#uc_content_carousel_new_elementor_3e1f70e .carousel-image{\n  transition:0.3s;\n}\n#uc_content_carousel_new_elementor_3e1f70e{\n  position:relative;\n  min-height:1px;\n}\n\n#uc_content_carousel_new_elementor_3e1f70e .ue-content-holder{\n  display:flex;\n  flex-direction:column;\n}\n\n#uc_content_carousel_new_elementor_3e1f70e .ue-btn-holder{\n  margin-top:auto;\n}\n\n#uc_content_carousel_new_elementor_3e1f70e .owl-nav .owl-prev{\n    position:absolute;\n    display:inline-block;\n    text-align:center;\n}\n\n#uc_content_carousel_new_elementor_3e1f70e .owl-nav .owl-next{\n  position:absolute;\n  display:inline-block;\n  text-align:center;\n}\n\n\n#uc_content_carousel_new_elementor_3e1f70e .owl-dots {\noverflow:hidden;\ntext-align:center;\n}\n\n#uc_content_carousel_new_elementor_3e1f70e .owl-dot {\nborder-radius:50%;\ndisplay:inline-block;\n}\n\n.uc_post_title{\n  font-size:21px;\n}\n\n#uc_content_carousel_new_elementor_3e1f70e .uc_image_carousel_container_holder{\n  overflow:hidden;\n}\n\n#uc_content_carousel_new_elementor_3e1f70e .uc_more_btn{  \n    display:inline-block;\n  text-decoration:none;\n  text-align:center;\n  transition:0.3s;\n}\n\n\n\n#uc_content_carousel_new_elementor_3e1f70e .uc_date{\n  color:gray;\n  padding-top:10px;\n  text-style:italic;\n}\n\n\n\n\n\n\n\n\n#uc_content_carousel_new_elementor_3e1f70e .ue-btn-inner-wrapper{\n  display:inline-flex;\n  align-items:center;\n}\n\n#uc_content_carousel_new_elementor_3e1f70e .ue-btn-inner-wrapper svg{\n  height:1em;\n  width:1em;\n}\n\n#uc_content_carousel_new_elementor_3e1f70e .uc_image_carousel_placeholder{\n  position:relative;\n}\n\n#uc_content_carousel_new_elementor_3e1f70e .ue_img_link{\n  display:block;\n  position:absolute;\n  top:0px;\n  right:0px;\n  left:0px;\n  bottom:0px;\n}\n\n\/* start creative button hover styles *\/\n#uc_content_carousel_new_elementor_3e1f70e .uc_content{\n  display: flex;\n  flex-wrap: wrap;\n}\n\n\/* GENERAL BUTTON STYLING *\/\n#uc_content_carousel_new_elementor_3e1f70e .uc_button {\n  overflow:hidden;\n}\n\n#uc_content_carousel_new_elementor_3e1f70e .uc_button,\n#uc_content_carousel_new_elementor_3e1f70e .uc_button::after {\n\ttransition: all 0.3s;\n}\n\n#uc_content_carousel_new_elementor_3e1f70e .uc_button {\n  position: relative;\n}\n\n#uc_content_carousel_new_elementor_3e1f70e .uc_button span{\n  z-index: 2;\n  position: relative;\n  display: block;\n}\n\n#uc_content_carousel_new_elementor_3e1f70e .uc_button::before,\n#uc_content_carousel_new_elementor_3e1f70e .uc_button::after {\n  content: '';\n  position: absolute;\n  z-index: 1;\n}\n\n\/* BUTTON 1 *\/\n#uc_content_carousel_new_elementor_3e1f70e .uc_btn-1::after {\n  height: 0;\n  left: 0;\n  top: 0;\n  width: 100%;\n}\n\n#uc_content_carousel_new_elementor_3e1f70e .uc_btn-1:hover:after {\n  height: 100%;\n}\n\n\/* BUTTON 7 *\/\n#uc_content_carousel_new_elementor_3e1f70e .uc_btn-7::after {\n  height: 0;\n  left: 0;\n  bottom: 0;\n  width: 100%;\n}\n\n#uc_content_carousel_new_elementor_3e1f70e .uc_btn-7:hover:after {\n  height: 100%;\n}\n\n\/* BUTTON 2 *\/\n#uc_content_carousel_new_elementor_3e1f70e .uc_btn-2::after {\n  height: 100%;\n  left: 0;\n  top: 0;\n  width: 0;\n}\n\n#uc_content_carousel_new_elementor_3e1f70e .uc_btn-2:hover:after {\n  width: 100%;\n}\n\n\/* BUTTON 6 *\/\n#uc_content_carousel_new_elementor_3e1f70e .uc_btn-6::after {\n  height: 100%;\n  right: 0;\n  top: 0;\n  width: 0;\n}\n\n#uc_content_carousel_new_elementor_3e1f70e .uc_btn-6:hover:after {\n  width: 100%;\n}\n\n\/* BUTTON 3 *\/\n#uc_content_carousel_new_elementor_3e1f70e .uc_btn-3::after {\n  height: 0;\n  left: 50%;\n  top: 50%;\n  width: 0;\n}\n\n#uc_content_carousel_new_elementor_3e1f70e .uc_btn-3:hover:after {\n  height: 100%;\n  left: 0;\n  top: 0;\n  width: 100%;\n}\n\n\n\/* BUTTON 4 *\/\n#uc_content_carousel_new_elementor_3e1f70e .uc_btn-4::before {\n}\n\n#uc_content_carousel_new_elementor_3e1f70e .uc_btn-4::after {\n  height: 100%;\n  left: 0;\n  top: 0;\n  width: 100%;\n}\n\n#uc_content_carousel_new_elementor_3e1f70e .uc_btn-4:hover:after{\n  height: 0;\n  left: 50%;\n  top: 50%;\n  width: 0;\n}\n\n\n\/* BUTTON 5 *\/\n#uc_content_carousel_new_elementor_3e1f70e .uc_btn-5 {\n  overflow: hidden;\n}\n\n#uc_content_carousel_new_elementor_3e1f70e .uc_btn-5::after {\n  height: 100%;\n  left: -100%;\n  top: 0;\n  transform: skew(50deg);\n  transition-duration: 0.6s;\n  transform-origin: top left;\n  width: 0;\n}\n\n#uc_content_carousel_new_elementor_3e1f70e .uc_btn-5:hover:after {\n  height: 100%;\n  width: 200%;\n}\n\/* end styles *\/\n\n<\/style>\n\n<div class=\"ue-content-carousel\" >\n   <div class=\"uc_carousel owl-carousel owl-theme uc-items-wrapper  uc-remote-parent\" id=\"uc_content_carousel_new_elementor_3e1f70e\" data-lightbox=\"false\" data-equal-height=\"false\"  data-widgetname='Content Carousel' data-sync='true' data-syncid='group2' >\n   \t\t<div class=\"uc_image_carousel_container_holder ue-item\">\n  \n    <div class=\"uc_image_carousel_content content-padding ue-content-holder\">\n    \n            <div style=\"width:100%;\">\n                                <div class=\"ue-title\">Massage tha\u00eflandais<\/div>\n                            <div class=\"ue-text\" ><p>Nous nous effor\u00e7ons d'innover en mati\u00e8re de fonctionnalit\u00e9. Notre mission est d'\u00eatre les meilleurs, venez nous rejoindre.<\/p><\/div>        <\/div>\n       \n    \n    \n    \n    <!-- put your not empty html here -->\n\n    \n    \n            \n  \n    \n    \n          \n        \n      <\/div>\n  <\/div>\n<div class=\"uc_image_carousel_container_holder ue-item\">\n  \n    <div class=\"uc_image_carousel_content content-padding ue-content-holder\">\n    \n            <div style=\"width:100%;\">\n                                <div class=\"ue-title\">Shiatsu<\/div>\n                            <div class=\"ue-text\" ><p>Une technique de massage japonaise. La tension est rel\u00e2ch\u00e9e en appuyant sur la ligne \u00e9lectrique avec pression. La proc\u00e9dure est compl\u00e9t\u00e9e par des v\u00eatements agr\u00e9ables.<\/p><\/div>        <\/div>\n       \n    \n    \n    \n    <!-- put your not empty html here -->\n\n    \n    \n            \n  \n    \n    \n          \n        \n      <\/div>\n  <\/div>\n<div class=\"uc_image_carousel_container_holder ue-item\">\n  \n    <div class=\"uc_image_carousel_content content-padding ue-content-holder\">\n    \n            <div style=\"width:100%;\">\n                                <div class=\"ue-title\">Peeling au sel<\/div>\n                            <div class=\"ue-text\" ><p>Le traitement qui aide \u00e0 ouvrir les pores, \u00e0 \u00e9liminer les cellules mortes et \u00e0 am\u00e9liorer la circulation pour procurer une sensation rafra\u00eechissante de renouveau et de propret\u00e9.<\/p><\/div>        <\/div>\n       \n    \n    \n    \n    <!-- put your not empty html here -->\n\n    \n    \n            \n  \n    \n    \n          \n        \n      <\/div>\n  <\/div>\n<div class=\"uc_image_carousel_container_holder ue-item\">\n  \n    <div class=\"uc_image_carousel_content content-padding ue-content-holder\">\n    \n            <div style=\"width:100%;\">\n                                <div class=\"ue-title\">R\u00e9flexologie<\/div>\n                            <div class=\"ue-text\" ><p>Une technique de massage des pieds qui utilise des pressions sur le canal \u00e9nerg\u00e9tique des pieds pour r\u00e9tablir l'\u00e9quilibre et le calme.<\/p><\/div>        <\/div>\n       \n    \n    \n    \n    <!-- put your not empty html here -->\n\n    \n    \n            \n  \n    \n    \n          \n        \n      <\/div>\n  <\/div>\n\n   <\/div>\t\n<\/div>\n<!-- end Content Carousel -->\t\t\t\t<\/div>\n\t\t\t\t<\/div>\n\t\t\t\t<div class=\"elementor-element elementor-element-aa8ecae elementor-widget elementor-widget-ucaddon_remote_control_bullet_navigation\" data-id=\"aa8ecae\" data-element_type=\"widget\" data-widget_type=\"ucaddon_remote_control_bullet_navigation.default\">\n\t\t\t\t<div class=\"elementor-widget-container\">\n\t\t\t\t\t\n<!-- start Remote Bullets -->\n<style>\/* widget: Remote Bullets *\/\n\n#uc_remote_control_bullet_navigation_elementor_aa8ecae \n{\n  display:flex;\n  flex-wrap: wrap;\n}\n\n#uc_remote_control_bullet_navigation_elementor_aa8ecae .ue-remote-bullet-btn\n{\n  display:flex;\n  align-items:center;\n  justify-content:center;\n  cursor:pointer;\n  transition:0.3s;\n  flex-grow: 0;\n  flex-shrink: 0;\n}\n\n<\/style>\n\n<div class=\"ue-remote-bullets\" id=\"uc_remote_control_bullet_navigation_elementor_aa8ecae\"  data-parentid='auto'> \n\t\n<\/div>\n<!-- end Remote Bullets -->\t\t\t\t<\/div>\n\t\t\t\t<\/div>\n\t\t\t\t<\/div>\n\t\t\t\t\t<\/div>\n\t\t\t\t<\/div>\n\t\t\t\t\t<\/div>\n\t\t\t\t<\/div>\n\t\t\t\t<\/div>","protected":false},"excerpt":{"rendered":"<p>Votre chemin vers le bien-\u00eatre Une vari\u00e9t\u00e9 de techniques de massage 01 Massage tha\u00eflandais 02 Shiatsu 03 Peeling au sel 04 R\u00e9flexologie Massage tha\u00eflandais Nous nous effor\u00e7ons d'innover en mati\u00e8re de fonctionnalit\u00e9. Notre mission est d'\u00eatre les meilleurs, venez rejoindre le voyage. Shiatsu Une technique de massage japonaise. La tension est rel\u00e2ch\u00e9e en appuyant sur [\u2026]<\/p>","protected":false},"author":1,"featured_media":2362,"parent":0,"menu_order":0,"comment_status":"closed","ping_status":"closed","template":"","meta":{"site-sidebar-layout":"default","site-content-layout":"","ast-site-content-layout":"","site-content-style":"default","site-sidebar-style":"default","ast-global-header-display":"","ast-banner-title-visibility":"","ast-main-header-display":"","ast-hfb-above-header-display":"","ast-hfb-below-header-display":"","ast-hfb-mobile-header-display":"","site-post-title":"","ast-breadcrumbs-content":"","ast-featured-img":"","footer-sml-layout":"","theme-transparent-header-meta":"","adv-header-id-meta":"","stick-header-meta":"","header-above-stick-meta":"","header-main-stick-meta":"","header-below-stick-meta":"","astra-migrate-meta-layouts":"default","ast-page-background-enabled":"default","ast-page-background-meta":{"desktop":{"background-color":"","background-image":"","background-repeat":"repeat","background-position":"center center","background-size":"auto","background-attachment":"scroll","background-type":"","background-media":"","overlay-type":"","overlay-color":"","overlay-opacity":"","overlay-gradient":""},"tablet":{"background-color":"","background-image":"","background-repeat":"repeat","background-position":"center center","background-size":"auto","background-attachment":"scroll","background-type":"","background-media":"","overlay-type":"","overlay-color":"","overlay-opacity":"","overlay-gradient":""},"mobile":{"background-color":"","background-image":"","background-repeat":"repeat","background-position":"center center","background-size":"auto","background-attachment":"scroll","background-type":"","background-media":"","overlay-type":"","overlay-color":"","overlay-opacity":"","overlay-gradient":""}},"ast-content-background-meta":{"desktop":{"background-color":"var(--ast-global-color-5)","background-image":"","background-repeat":"repeat","background-position":"center center","background-size":"auto","background-attachment":"scroll","background-type":"","background-media":"","overlay-type":"","overlay-color":"","overlay-opacity":"","overlay-gradient":""},"tablet":{"background-color":"var(--ast-global-color-5)","background-image":"","background-repeat":"repeat","background-position":"center center","background-size":"auto","background-attachment":"scroll","background-type":"","background-media":"","overlay-type":"","overlay-color":"","overlay-opacity":"","overlay-gradient":""},"mobile":{"background-color":"var(--ast-global-color-5)","background-image":"","background-repeat":"repeat","background-position":"center center","background-size":"auto","background-attachment":"scroll","background-type":"","background-media":"","overlay-type":"","overlay-color":"","overlay-opacity":"","overlay-gradient":""}},"footnotes":""},"class_list":["post-2368","page","type-page","status-publish","has-post-thumbnail","hentry"],"acf":[],"_links":{"self":[{"href":"https:\/\/na.felicitysolar.com\/fr\/wp-json\/wp\/v2\/pages\/2368","targetHints":{"allow":["GET"]}}],"collection":[{"href":"https:\/\/na.felicitysolar.com\/fr\/wp-json\/wp\/v2\/pages"}],"about":[{"href":"https:\/\/na.felicitysolar.com\/fr\/wp-json\/wp\/v2\/types\/page"}],"author":[{"embeddable":true,"href":"https:\/\/na.felicitysolar.com\/fr\/wp-json\/wp\/v2\/users\/1"}],"replies":[{"embeddable":true,"href":"https:\/\/na.felicitysolar.com\/fr\/wp-json\/wp\/v2\/comments?post=2368"}],"version-history":[{"count":0,"href":"https:\/\/na.felicitysolar.com\/fr\/wp-json\/wp\/v2\/pages\/2368\/revisions"}],"wp:featuredmedia":[{"embeddable":true,"href":"https:\/\/na.felicitysolar.com\/fr\/wp-json\/wp\/v2\/media\/2362"}],"wp:attachment":[{"href":"https:\/\/na.felicitysolar.com\/fr\/wp-json\/wp\/v2\/media?parent=2368"}],"curies":[{"name":"wp","href":"https:\/\/api.w.org\/{rel}","templated":true}]}}